{"id":1305,"date":"2024-08-17T17:43:24","date_gmt":"2024-08-17T17:43:24","guid":{"rendered":"https:\/\/stadtgarten-verein.koeln\/?page_id=1305"},"modified":"2025-08-11T11:45:06","modified_gmt":"2025-08-11T09:45:06","slug":"impressum","status":"publish","type":"page","link":"https:\/\/stadtgarten-verein.koeln\/index.php\/impressum\/","title":{"rendered":"Impressum &amp; Kontakt &amp; Konto"},"content":{"rendered":"\n<h5 class=\"wp-block-heading\"><strong>Kontakt<\/strong><\/h5>\n\n\n\n<p class=\"has-contrast-color has-text-color has-link-color wp-elements-e3235157c6a205afd7f535c0ce9a68a3\">Stadtgarten e. V.<br>Werderstr. 6<br>50672 K\u00f6ln<\/p>\n\n\n\n<p class=\"has-contrast-color has-text-color has-link-color wp-elements-0b8227d897d30811f98f042256fb7083\">+49 1520 4924665<br>E-Mail:&nbsp;hallo@stadtgarten-verein.koeln<br>Website: https:\/\/stadtgarten-verein.koeln<\/p>\n\n\n\n<h5 class=\"wp-block-heading\">Kontoverbindung<\/h5>\n\n\n\n<p>Stadtgarten e. V.<br>Volksbank K\u00f6ln-Bonn<br>IBAN: DE64 3806 0186 5024 6520 19<br>BIC: GENODED1BRS<\/p>\n\n\n\n<h5 class=\"wp-block-heading\"><strong>Vertreten durch die Vorst\u00e4nde<\/strong><\/h5>\n\n\n\n<p>Iris Pinkepank (Vorsitzende)<br>Monika Binder (stellvertretende Vorsitzende)<br>Dr. Uwe Alkemper (Kassierer)<\/p>\n\n\n\n<h5 class=\"wp-block-heading\"><strong>Registereintrag<\/strong><\/h5>\n\n\n\n<p>Amtsgericht: K\u00f6ln<br>Registernummer: VR 13455<\/p>\n\n\n\n<h5 class=\"wp-block-heading\"><strong>Inhaltliche Verantwortung<\/strong><\/h5>\n\n\n\n<p>Iris Pinkepank<\/p>\n\n\n\n<h5 class=\"wp-block-heading\"><strong>Technik<\/strong><\/h5>\n\n\n\n<p>Webmaster und WordPress-Administrator: <a href=\"https:\/\/pixelgetr.eu\">pixelgetr.eu \u2013 Mike Nolte<\/a><\/p>\n\n\n\n<h5 class=\"wp-block-heading\"><strong>Haftung<\/strong>sbeschr\u00e4nkung<\/h5>\n\n\n\n<p>Die Inhalte dieser Website werden mit gr\u00f6\u00dftm\u00f6glicher Sorgfalt erstellt. Der Anbieter \u00fcbernimmt jedoch keine Gew\u00e4hr f\u00fcr die Richtigkeit, Vollst\u00e4ndigkeit und Aktualit\u00e4t der bereitgestellten Inhalte. Die Nutzung der Inhalte der Website erfolgt auf eigene Gefahr des Nutzers. Namentlich gekennzeichnete Beitr\u00e4ge geben die Meinung des jeweiligen Autors und nicht immer die Meinung des Anbieters wieder. Mit der reinen Nutzung der Website des Anbieters kommt keinerlei Vertragsverh\u00e4ltnis zwischen dem Nutzer und dem Anbieter zustande.<\/p>\n\n\n\n<h5 class=\"wp-block-heading\"><strong>Externe Links<\/strong><\/h5>\n\n\n\n<p>Diese Website enth\u00e4lt Verkn\u00fcpfungen zu Websites Dritter (\u201eexterne Links\u201c). Diese Websites unterliegen der Haftung der jeweiligen Betreiber. Der Anbieter hat bei der erstmaligen Verkn\u00fcpfung der externen Links die fremden Inhalte daraufhin \u00fcberpr\u00fcft, ob etwaige Rechtsverst\u00f6\u00dfe bestehen. Zu dem Zeitpunkt waren keine Rechtsverst\u00f6\u00dfe ersichtlich. Der Anbieter hat keinerlei Einfluss auf die aktuelle und zuk\u00fcnftige Gestaltung und auf die Inhalte der verkn\u00fcpften Seiten. Das Setzen von externen Links bedeutet nicht, dass sich der Anbieter die hinter dem Verweis oder Link liegenden Inhalte zu Eigen macht. Eine st\u00e4ndige Kontrolle der externen Links ist f\u00fcr den Anbieter ohne konkrete Hinweise auf Rechtsverst\u00f6\u00dfe nicht zumutbar. Bei Kenntnis von Rechtsverst\u00f6\u00dfen werden jedoch derartige externe Links unverz\u00fcglich gel\u00f6scht.<\/p>\n\n\n\n<h5 class=\"wp-block-heading\"><strong>Urheber- und Leistungsschutzrechte<\/strong><\/h5>\n\n\n\n<p>Die auf dieser Website ver\u00f6ffentlichten Inhalte unterliegen dem deutschen Urheber- und Leistungsschutzrecht. Jede vom deutschen Urheber- und Leistungsschutzrecht nicht zugelassene Verwertung bedarf der vorherigen schriftlichen Zustimmung des Anbieters oder jeweiligen Rechteinhabers. Dies gilt insbesondere f\u00fcr Vervielf\u00e4ltigung, Bearbeitung, \u00dcbersetzung, Einspeicherung, Verarbeitung bzw. Wiedergabe von Inhalten in Datenbanken oder anderen elektronischen Medien und Systemen. Inhalte und Rechte Dritter sind dabei als solche gekennzeichnet. Die unerlaubte Vervielf\u00e4ltigung oder Weitergabe einzelner Inhalte oder kompletter Seiten ist nicht gestattet und strafbar. Lediglich die Herstellung von Kopien und Downloads f\u00fcr den pers\u00f6nlichen, privaten und nicht kommerziellen Gebrauch ist erlaubt. Die Darstellung dieser Website in fremden Frames ist nur mit schriftlicher Erlaubnis zul\u00e4ssig. Alle Inhalte dieses Webangebotes, wie Bilder, Grafiken und Sym\u00adbole, unterliegen dem Urheberrecht. Wenn nicht anders angegeben, liegt das Urheberrecht bei der innowerkstatt GmbH. Jegliches Kopieren, Vervielf\u00e4ltigen und Verwenden von Dateien dieser Webseite ist ohne ausdr\u00fcckliche schriftliche Genehmigung von der innowerkstatt GmbH verboten. Dies gilt auch f\u00fcr die Speicherung und\/oder Vervielf\u00e4ltigung in Datenbanken und auf Datentr\u00e4gern. Die auf dieser Webseite verwendeten Bilder sind lizensiert unter Fotolia.de.&nbsp;<\/p>\n\n\n\n<h5 class=\"wp-block-heading\"><strong>Datenschutz<\/strong><\/h5>\n\n\n\n<p>Im Folgenden informieren wir \u00fcber die Verarbeitung personenbezogener Daten bei Nutzung unserer Website.<\/p>\n\n\n\n<h5 class=\"wp-block-heading\"><strong>Verarbeitung von Daten bei Zugriff auf unserer Webseite \u2013 Logfiles<\/strong><\/h5>\n\n\n\n<p>Bei der blo\u00df informatorischen Nutzung der Website, also der blo\u00dfen Betrachtung ohne eine Registrierung oder uns anderweitig Informationen mitteilen, verarbeiten wir die personenbezogenen Daten, die Ihr Browser an unseren Server \u00fcbermittelt. Wenn Sie unsere Website betrachten m\u00f6chten, erheben wir die folgenden Daten, die f\u00fcr uns technisch erforderlich sind, um Ihnen unsere Website anzuzeigen und die Stabilit\u00e4t und Sicherheit zu gew\u00e4hrleisten (Rechtsgrundlage ist Art.&nbsp;6 Abs.&nbsp;1 S.&nbsp;1 lit. f DS-GVO<\/p>\n\n\n\n<ul class=\"wp-block-list\">\n<li>Referrer (zuvor besuchte Webseite)<\/li>\n\n\n\n<li>Angeforderte Webseite oder Datei<\/li>\n\n\n\n<li>Browsertyp und Browserversion<\/li>\n\n\n\n<li>Verwendetes Betriebssystem<\/li>\n\n\n\n<li>Verwendeter Ger\u00e4tetyp<\/li>\n\n\n\n<li>Uhrzeit des Zugriffs<\/li>\n\n\n\n<li>IP-Adresse in anonymisierter Form (wird nur zur Feststellung des Orts des Zugriffs verwendet)<\/li>\n<\/ul>\n\n\n\n<h5 class=\"wp-block-heading\"><strong>Verarbeitung von Daten bei Nutzung der Webseite \u2013 Ihre Anfragen<\/strong><\/h5>\n\n\n\n<p>Sofern Sie uns eine Anfrage per E-Mail bzw. \u00fcber das Kontaktformular zukommen lassen, erheben wir Ihre mitgeteilten Daten f\u00fcr die Bearbeitung und Beantwortung Ihres Anliegens. Diese Angaben speichern wir f\u00fcr Nachweiszecke \u00fcber einen Zeitraum von bis zu sechs Jahren. Rechtsgrundlage f\u00fcr die Datenverarbeitung Art.&nbsp;6 Abs.&nbsp;1 S.&nbsp;1 lit. f DS-GVO.<\/p>\n\n\n\n<h5 class=\"wp-block-heading\"><strong>Allgemeine Informationen zum Einsatz von Cookies<\/strong><\/h5>\n\n\n\n<p>Unsere Website kann sog. Cookies verwenden, die nur tempor\u00e4r gesetzt und mit dem Schlie\u00dfen Ihres Browsers automatisch gel\u00f6scht werden (\u201eSession Cookies\u201c). Cookies sind kleine Textdateien, die auf Ihrem Endger\u00e4t abgelegt werden und die Ihr Browser speichert. Sie dienen dazu, unsere Angebote nutzerfreundlicher, effektiver und sicherer zu machen. Wir setzen ausschlie\u00dflich Cookies ein, die f\u00fcr die korrekte Anzeige der Website erforderlich sind und die daher von Ihnen nicht abgew\u00e4hlt werden k\u00f6nnen.<\/p>\n\n\n\n<h5 class=\"wp-block-heading\"><strong>Ihre Rechte als betroffene Person<\/strong><\/h5>\n\n\n\n<p>Alle betroffenen Personen haben folgende Rechte:<\/p>\n\n\n\n<ul class=\"wp-block-list\">\n<li>Alle betroffenen Personen haben folgende Rechte:<\/li>\n\n\n\n<li>Recht auf Auskunft (Art. 15 DS-GVO)<\/li>\n\n\n\n<li>Recht auf Berichtigung von unrichtigen Daten (Art. 16 DS-GVO)<\/li>\n\n\n\n<li>Recht auf L\u00f6schung bzw. ein Recht auf \u201eVergessenwerden\u201c (Art. 17 DS-GVO)<\/li>\n\n\n\n<li>Recht auf Einschr\u00e4nkung der Verarbeitung personenbezogener Daten (Art. 18 DS-GVO)<\/li>\n\n\n\n<li>Recht auf Daten\u00fcbertragbarkeit (Art. 20 DS-GVO).<\/li>\n<\/ul>\n\n\n\n<p>Sie k\u00f6nnen einer Verarbeitung von personenbezogenen Daten f\u00fcr Zwecke der Werbung, einschlie\u00dflich einer Analyse von Kundendaten f\u00fcr Werbezwecke, jederzeit ohne Angabe von Gr\u00fcnden widersprechen.<\/p>\n\n\n\n<p>Dar\u00fcber hinaus steht Ihnen ein allgemeines Widerspruchsrecht zu (vgl. Art.&nbsp;21 Abs.&nbsp;1 DS-GVO). In diesem Fall ist der Widerspruch gegen eine Datenverarbeitung zu begr\u00fcnden. Sofern die Datenverarbeitung auf Grundlage einer Einwilligung erfolgt, kann Ihre Einwilligung jederzeit mit Wirkung f\u00fcr die Zukunft widerrufen werden.<\/p>\n\n\n\n<p>F\u00fcr die Aus\u00fcbung der Betroffenenrechte wenden Sie sich am einfachsten an die oben genannten Kontaktdaten bzw. die im Impressum angef\u00fchrte Anschrift. Dar\u00fcber hinaus haben Sie das Recht zur Beschwerde bei einer Datenschutzaufsichtsbeh\u00f6rde.<\/p>\n\n\n\n<h5 class=\"wp-block-heading\"><strong>Aktuelle Version: Januar 2024<\/strong><\/h5>\n","protected":false},"excerpt":{"rendered":"<p>Kontakt Stadtgarten e. V.Werderstr. 650672 K\u00f6ln +49 1520 4924665E-Mail:&nbsp;hallo@stadtgarten-verein.koelnWebsite: https:\/\/stadtgarten-verein.koeln Kontoverbindung Stadtgarten e. V.Volksbank K\u00f6ln-BonnIBAN: DE64 3806 0186 5024 6520 19BIC: GENODED1BRS Vertreten durch die Vorst\u00e4nde Iris Pinkepank (Vorsitzende)Monika Binder (stellvertretende Vorsitzende)Dr. Uwe Alkemper (Kassierer) Registereintrag Amtsgericht: K\u00f6lnRegisternummer: VR 13455 Inhaltliche Verantwortung Iris Pinkepank Technik Webmaster und WordPress-Administrator: pixelgetr.eu \u2013 Mike Nolte Haftungsbeschr\u00e4nkung Die Inhalte [&hellip;]<\/p>\n","protected":false},"author":3,"featured_media":0,"parent":0,"menu_order":100,"comment_status":"closed","ping_status":"closed","template":"","meta":{"footnotes":""},"class_list":["post-1305","page","type-page","status-publish","hentry"],"_links":{"self":[{"href":"https:\/\/stadtgarten-verein.koeln\/index.php\/wp-json\/wp\/v2\/pages\/1305","targetHints":{"allow":["GET"]}}],"collection":[{"href":"https:\/\/stadtgarten-verein.koeln\/index.php\/wp-json\/wp\/v2\/pages"}],"about":[{"href":"https:\/\/stadtgarten-verein.koeln\/index.php\/wp-json\/wp\/v2\/types\/page"}],"author":[{"embeddable":true,"href":"https:\/\/stadtgarten-verein.koeln\/index.php\/wp-json\/wp\/v2\/users\/3"}],"replies":[{"embeddable":true,"href":"https:\/\/stadtgarten-verein.koeln\/index.php\/wp-json\/wp\/v2\/comments?post=1305"}],"version-history":[{"count":19,"href":"https:\/\/stadtgarten-verein.koeln\/index.php\/wp-json\/wp\/v2\/pages\/1305\/revisions"}],"predecessor-version":[{"id":2588,"href":"https:\/\/stadtgarten-verein.koeln\/index.php\/wp-json\/wp\/v2\/pages\/1305\/revisions\/2588"}],"wp:attachment":[{"href":"https:\/\/stadtgarten-verein.koeln\/index.php\/wp-json\/wp\/v2\/media?parent=1305"}],"curies":[{"name":"wp","href":"https:\/\/api.w.org\/{rel}","templated":true}]}}