{"id":1309,"date":"2024-08-17T17:54:39","date_gmt":"2024-08-17T17:54:39","guid":{"rendered":"https:\/\/stadtgarten-verein.koeln\/?page_id=1309"},"modified":"2025-10-31T14:01:45","modified_gmt":"2025-10-31T13:01:45","slug":"wir-in-den-medien","status":"publish","type":"page","link":"https:\/\/stadtgarten-verein.koeln\/index.php\/wir-in-den-medien\/","title":{"rendered":"Wir in den Medien"},"content":{"rendered":"\n<p>Oktober 2025, Stiftung Umwelt und Entwicklung: Jahresbericht 2024 &#8222;Nachhaltig handeln. NRW wandeln.&#8220;, S. 84-85<\/p>\n\n\n\n<figure class=\"wp-block-image size-full is-resized\"><img loading=\"lazy\" decoding=\"async\" width=\"506\" height=\"307\" src=\"https:\/\/stadtgarten-verein.koeln\/wp-content\/uploads\/2025\/10\/S.-84a.jpg\" alt=\"\" class=\"wp-image-3002\" style=\"width:960px;height:auto\" srcset=\"https:\/\/stadtgarten-verein.koeln\/wp-content\/uploads\/2025\/10\/S.-84a.jpg 506w, https:\/\/stadtgarten-verein.koeln\/wp-content\/uploads\/2025\/10\/S.-84a-300x182.jpg 300w\" sizes=\"auto, (max-width: 506px) 100vw, 506px\" \/><\/figure>\n\n\n\n<div style=\"height:15px\" aria-hidden=\"true\" class=\"wp-block-spacer\"><\/div>\n\n\n\n<figure class=\"wp-block-image size-full\"><img loading=\"lazy\" decoding=\"async\" width=\"507\" height=\"735\" src=\"https:\/\/stadtgarten-verein.koeln\/wp-content\/uploads\/2025\/10\/S.-85.jpg\" alt=\"\" class=\"wp-image-3000\" srcset=\"https:\/\/stadtgarten-verein.koeln\/wp-content\/uploads\/2025\/10\/S.-85.jpg 507w, https:\/\/stadtgarten-verein.koeln\/wp-content\/uploads\/2025\/10\/S.-85-207x300.jpg 207w\" sizes=\"auto, (max-width: 507px) 100vw, 507px\" \/><\/figure>\n\n\n\n<div style=\"height:15px\" aria-hidden=\"true\" class=\"wp-block-spacer\"><\/div>\n\n\n\n<p>23. September 2025, K\u00f6lner Stadt Anzeiger: <a href=\"https:\/\/www.ksta.de\/koeln\/koelner-innenstadt\/superveedel-in-koeln-am-stadtgarten-sollen-fussgaenger-vorfahrt-haben-1112767\">Superveedel in K\u00f6ln \u2013 Am Stadtgarten sollen Fu\u00dfg\u00e4nger Vorfahrt haben<\/a><\/p>\n\n\n\n<figure class=\"wp-block-image size-full is-resized\"><img loading=\"lazy\" decoding=\"async\" width=\"784\" height=\"899\" src=\"https:\/\/stadtgarten-verein.koeln\/wp-content\/uploads\/2025\/09\/Vorrang-fuer-Fussgaenger-am-Stadtgarten-KStA-20250923.png\" alt=\"\" class=\"wp-image-2897\" style=\"width:960px;height:auto\" srcset=\"https:\/\/stadtgarten-verein.koeln\/wp-content\/uploads\/2025\/09\/Vorrang-fuer-Fussgaenger-am-Stadtgarten-KStA-20250923.png 784w, https:\/\/stadtgarten-verein.koeln\/wp-content\/uploads\/2025\/09\/Vorrang-fuer-Fussgaenger-am-Stadtgarten-KStA-20250923-262x300.png 262w, https:\/\/stadtgarten-verein.koeln\/wp-content\/uploads\/2025\/09\/Vorrang-fuer-Fussgaenger-am-Stadtgarten-KStA-20250923-768x881.png 768w\" sizes=\"auto, (max-width: 784px) 100vw, 784px\" \/><\/figure>\n\n\n\n<div style=\"height:30px\" aria-hidden=\"true\" class=\"wp-block-spacer\"><\/div>\n\n\n\n<p>28. August 2025, Stadtrevue<\/p>\n\n\n\n<figure class=\"wp-block-image size-large\"><img loading=\"lazy\" decoding=\"async\" width=\"549\" height=\"1024\" src=\"https:\/\/stadtgarten-verein.koeln\/wp-content\/uploads\/2025\/08\/Stadtrevue-28.08.-24.09.2025-549x1024.jpg\" alt=\"\" class=\"wp-image-2709\" srcset=\"https:\/\/stadtgarten-verein.koeln\/wp-content\/uploads\/2025\/08\/Stadtrevue-28.08.-24.09.2025-549x1024.jpg 549w, https:\/\/stadtgarten-verein.koeln\/wp-content\/uploads\/2025\/08\/Stadtrevue-28.08.-24.09.2025-161x300.jpg 161w, https:\/\/stadtgarten-verein.koeln\/wp-content\/uploads\/2025\/08\/Stadtrevue-28.08.-24.09.2025-768x1433.jpg 768w, https:\/\/stadtgarten-verein.koeln\/wp-content\/uploads\/2025\/08\/Stadtrevue-28.08.-24.09.2025-823x1536.jpg 823w, https:\/\/stadtgarten-verein.koeln\/wp-content\/uploads\/2025\/08\/Stadtrevue-28.08.-24.09.2025-1098x2048.jpg 1098w, https:\/\/stadtgarten-verein.koeln\/wp-content\/uploads\/2025\/08\/Stadtrevue-28.08.-24.09.2025-scaled.jpg 1372w\" sizes=\"auto, (max-width: 549px) 100vw, 549px\" \/><\/figure>\n\n\n\n<div style=\"height:30px\" aria-hidden=\"true\" class=\"wp-block-spacer\"><\/div>\n\n\n\n<p>26. M\u00e4rz 2025, K\u00f6lnische Rundschau<\/p>\n\n\n\n<figure class=\"wp-block-image size-large\"><img loading=\"lazy\" decoding=\"async\" width=\"1024\" height=\"724\" src=\"https:\/\/stadtgarten-verein.koeln\/wp-content\/uploads\/2025\/04\/Neuer-Bouleplatz-in-Betrieb-genommen\u2013KStA-20250326pdf-1024x724.jpeg\" alt=\"\" class=\"wp-image-2396\" srcset=\"https:\/\/stadtgarten-verein.koeln\/wp-content\/uploads\/2025\/04\/Neuer-Bouleplatz-in-Betrieb-genommen\u2013KStA-20250326pdf-1024x724.jpeg 1024w, https:\/\/stadtgarten-verein.koeln\/wp-content\/uploads\/2025\/04\/Neuer-Bouleplatz-in-Betrieb-genommen\u2013KStA-20250326pdf-300x212.jpeg 300w, https:\/\/stadtgarten-verein.koeln\/wp-content\/uploads\/2025\/04\/Neuer-Bouleplatz-in-Betrieb-genommen\u2013KStA-20250326pdf-768x543.jpeg 768w, https:\/\/stadtgarten-verein.koeln\/wp-content\/uploads\/2025\/04\/Neuer-Bouleplatz-in-Betrieb-genommen\u2013KStA-20250326pdf-1536x1085.jpeg 1536w, https:\/\/stadtgarten-verein.koeln\/wp-content\/uploads\/2025\/04\/Neuer-Bouleplatz-in-Betrieb-genommen\u2013KStA-20250326pdf-2048x1447.jpeg 2048w\" sizes=\"auto, (max-width: 1024px) 100vw, 1024px\" \/><\/figure>\n\n\n\n<div style=\"height:30px\" aria-hidden=\"true\" class=\"wp-block-spacer\"><\/div>\n\n\n\n<h5 class=\"wp-block-heading\"><a href=\"https:\/\/bo-aktiv.de\/debates\/77-superblocks-bewegung-nimmt-fahrt-auf-in-nrw\">Superblockbewegung nimmt Fahrt auf in NRW<\/a><\/h5>\n\n\n\n<p>25. M\u00e4rz 2025, Bochum aktiv<\/p>\n\n\n\n<figure class=\"wp-block-image size-large is-resized\"><img decoding=\"async\" src=\"https:\/\/bo-aktiv.de\/rails\/active_storage\/representations\/eyJfcmFpbHMiOnsibWVzc2FnZSI6IkJBaHBBdUVCIiwiZXhwIjpudWxsLCJwdXIiOiJibG9iX2lkIn19--6ca371ccd593b20931a32158947e3b86a3c39283\/eyJfcmFpbHMiOnsibWVzc2FnZSI6IkJBaDdCam9MY21WemFYcGxTU0lKZURJNE1BWTZCa1ZVIiwiZXhwIjpudWxsLCJwdXIiOiJ2YXJpYXRpb24ifX0=--8ac8ce1c6495582626775a84d3fb86c4d0e70803\/Gruppenfoto%20Superblocks%20NRW%20Bochum%202.jpg\" alt=\"\" style=\"width:556px;height:auto\"\/><figcaption class=\"wp-element-caption\">3. Superblocks-NRW-Traffen, diesmal in Bochum, Foto@Phillip Kahnert<\/figcaption><\/figure>\n\n\n\n<div style=\"height:15px\" aria-hidden=\"true\" class=\"wp-block-spacer\"><\/div>\n\n\n\n<h6 class=\"wp-block-heading has-contrast-color has-text-color has-link-color wp-elements-6e93508d2940946fe6364c015c984d13\"><a href=\"https:\/\/www.land.nrw\/pressemitteilung\/land-unterstuetzt-zehn-ehrenamtliche-projekte-die-umweltschutz-und\">Land unterst\u00fctzt zehn ehrenamtliche Projekte, die Umweltschutz und Mobilit\u00e4tswende vorantreiben<\/a>  \u2013 Minister Oliver Krischer: Damit verhelfen wir kreativen Projekten zu langfristigem Erfolg!<\/h6>\n\n\n\n<p>05. Februar 2025, PM der Landesregierung Nordrhein-Westfalen<\/p>\n\n\n\n<figure class=\"wp-block-image size-large\"><img loading=\"lazy\" decoding=\"async\" width=\"1024\" height=\"576\" src=\"https:\/\/stadtgarten-verein.koeln\/wp-content\/uploads\/2025\/02\/ehrenamt-foto-offiziell-1024x576.jpg\" alt=\"\" class=\"wp-image-2238\" srcset=\"https:\/\/stadtgarten-verein.koeln\/wp-content\/uploads\/2025\/02\/ehrenamt-foto-offiziell-1024x576.jpg 1024w, https:\/\/stadtgarten-verein.koeln\/wp-content\/uploads\/2025\/02\/ehrenamt-foto-offiziell-300x169.jpg 300w, https:\/\/stadtgarten-verein.koeln\/wp-content\/uploads\/2025\/02\/ehrenamt-foto-offiziell-768x432.jpg 768w, https:\/\/stadtgarten-verein.koeln\/wp-content\/uploads\/2025\/02\/ehrenamt-foto-offiziell.jpg 1280w\" sizes=\"auto, (max-width: 1024px) 100vw, 1024px\" \/><figcaption class=\"wp-element-caption\">Kick-Off Veranstaltung zum Programm \u201eQualifizierung des b\u00fcrgerschaftlichen Engagements\u201c&nbsp;&nbsp;\/&nbsp;\u00a9MUNV NRW<\/figcaption><\/figure>\n\n\n\n<div style=\"height:15px\" aria-hidden=\"true\" class=\"wp-block-spacer\"><\/div>\n\n\n\n<h6 class=\"wp-block-heading has-contrast-color has-text-color has-link-color wp-elements-02210cec3b636ec1af807614c4e67ff8\"><a href=\"https:\/\/nrw.vcd.org\/fileadmin\/user_upload\/NRW\/Verbaende\/Koeln\/RHEIN-SCHIENE\/RS72_Winter2425_.pdf\">Titelthema: Superblocks in K\u00f6ln, Zweites NRW-weites Superblock-Treffen:<\/a><br>Wird K\u00f6ln die n\u00e4chste Superblock-Hauptstadt?  S. 4<br>Modellprojekt I: Stadtgarten, S. 6<\/h6>\n\n\n\n<p>5. Dezember 2024, Rheinschiene: Superblocks in K\u00f6ln<\/p>\n\n\n\n<figure class=\"wp-block-image size-large is-resized\"><img loading=\"lazy\" decoding=\"async\" width=\"724\" height=\"1024\" src=\"https:\/\/stadtgarten-verein.koeln\/wp-content\/uploads\/2025\/01\/S.-6_RheiNSCHIENE-1-724x1024.jpg\" alt=\"\" class=\"wp-image-2136\" style=\"width:951px;height:auto\" srcset=\"https:\/\/stadtgarten-verein.koeln\/wp-content\/uploads\/2025\/01\/S.-6_RheiNSCHIENE-1-724x1024.jpg 724w, https:\/\/stadtgarten-verein.koeln\/wp-content\/uploads\/2025\/01\/S.-6_RheiNSCHIENE-1-212x300.jpg 212w, https:\/\/stadtgarten-verein.koeln\/wp-content\/uploads\/2025\/01\/S.-6_RheiNSCHIENE-1-768x1087.jpg 768w, https:\/\/stadtgarten-verein.koeln\/wp-content\/uploads\/2025\/01\/S.-6_RheiNSCHIENE-1-1086x1536.jpg 1086w, https:\/\/stadtgarten-verein.koeln\/wp-content\/uploads\/2025\/01\/S.-6_RheiNSCHIENE-1.jpg 1280w\" sizes=\"auto, (max-width: 724px) 100vw, 724px\" \/><\/figure>\n\n\n\n<div style=\"height:15px\" aria-hidden=\"true\" class=\"wp-block-spacer\"><\/div>\n\n\n\n<h6 class=\"wp-block-heading has-contrast-color has-text-color has-link-color wp-elements-ccf5ef266a45bfd45d2ec7d68c6451fd\"><a href=\"https:\/\/www.sazbike.de\/markt-politik\/lebensqualitaet-verkehrsberuhigung-2934871.html\">Neue Superblocks in K\u00f6ln<em> <\/em><\/a><em>\u2013 <\/em>Mehr Lebensqualit\u00e4t durch Verkehrsberuhigung<\/h6>\n\n\n\n<p>27. September 2024, sazbike.de<\/p>\n\n\n\n<div style=\"height:5px\" aria-hidden=\"true\" class=\"wp-block-spacer\"><\/div>\n\n\n\n<h6 class=\"wp-block-heading has-contrast-color has-text-color has-link-color wp-elements-8ccd5e3fba4771fb600eeae6382aab5e\" id=\"headline\"><a href=\"https:\/\/changing-cities.org\/der-59-superblock-wurde-beschlossen\/\">Der 59. Superblock wurde beschlossen<\/a><\/h6>\n\n\n\n<p>26. September 2024, Changing Cities e. V.<\/p>\n\n\n\n<div style=\"height:5px\" aria-hidden=\"true\" class=\"wp-block-spacer\"><\/div>\n\n\n\n<h6 class=\"wp-block-heading has-contrast-color has-text-color has-link-color wp-elements-88fd838e793982f1322b1d1d3ea82680\"><a href=\"https:\/\/changing-cities.org\/wirdkoeln-die-naechste-superblock-hauptstadt\/\">Wird K\u00f6ln die n\u00e4chste Superblock-Hauptstadt?<\/a><\/h6>\n\n\n\n<p>25. September 2024, Changing Cities e. V<\/p>\n\n\n\n<div style=\"height:5px\" aria-hidden=\"true\" class=\"wp-block-spacer\"><\/div>\n\n\n\n<h6 class=\"wp-block-heading has-contrast-color has-text-color has-link-color wp-elements-0d75c39563d10885148ed73c08367ad7\"><a href=\"https:\/\/www.rheinische-anzeigenblaetter.de\/koeln-innenstadt\/c-nachrichten\/ein-superblock-an-der-moselstrasse-innenstadt_a324770\">Ein &#8222;Superblock&#8220; an der Moselstra\u00dfe\/Innenstadt<\/a><\/h6>\n\n\n\n<p>20. September 2024, Express<\/p>\n\n\n\n<div style=\"height:5px\" aria-hidden=\"true\" class=\"wp-block-spacer\"><\/div>\n\n\n\n<h6 class=\"wp-block-heading has-contrast-color has-text-color has-link-color wp-elements-26b277d0c84adb1d93e6866e6c8e357c\"><a href=\"https:\/\/www.ardmediathek.de\/video\/lokalzeit-aus-koeln\/lokalzeit-aus-koeln-oder-19-09-2024\/wdr-koeln\/Y3JpZDovL3dkci5kZS9CZWl0cmFnLXNvcGhvcmEtYjcxNTAyOTAtNGE1NS00MzYwLTk0YjMtNzY1YjA3NTYyMmY4\"> 60 Schulkinder demonstrieren f\u00fcr mehr Gr\u00fcn und mehr B\u00e4ume auf dem Parkplatz hinter der Christuskirche<\/a>, (ab Minute 9:40)<\/h6>\n\n\n\n<p>19. September 2024, WDR-Lokalzeit: K\u00f6ln<\/p>\n\n\n\n<figure class=\"wp-block-embed is-type-video is-provider-youtube wp-block-embed-youtube wp-embed-aspect-16-9 wp-has-aspect-ratio\"><div class=\"wp-block-embed__wrapper\">\n<iframe loading=\"lazy\" title=\"WDR-Lokalzeit K\u00f6ln, 19.09.2024: Bericht \u00fcber die Demo der 60 Schulkinder\" width=\"500\" height=\"281\" src=\"https:\/\/www.youtube.com\/embed\/yANMC95SOdg?feature=oembed\" frameborder=\"0\" allow=\"accelerometer; autoplay; clipboard-write; encrypted-media; gyroscope; picture-in-picture; web-share\" referrerpolicy=\"strict-origin-when-cross-origin\" allowfullscreen><\/iframe>\n<\/div><\/figure>\n\n\n\n<div style=\"height:10px\" aria-hidden=\"true\" class=\"wp-block-spacer\"><\/div>\n\n\n\n<h6 class=\"wp-block-heading has-contrast-color has-text-color has-link-color wp-elements-1fe23937b72254a458140c450653d749\"><a href=\"https:\/\/www.msn.com\/de-de\/nachrichten\/panorama\/park-platz-tag-parkplatz-an-christuskirche-wird-f\u00fcr-einen-tag-autofrei\/ar-AA1qE7P4\">Park-Platz-Tag\u201c: Parkplatz an Christuskirche wird f\u00fcr einen Tag autofrei<\/a><\/h6>\n\n\n\n<p>16. September 2024, msn.com<\/p>\n\n\n\n<div style=\"height:5px\" aria-hidden=\"true\" class=\"wp-block-spacer\"><\/div>\n\n\n\n<h6 class=\"wp-block-heading has-contrast-color has-text-color has-link-color wp-elements-5f3d278565bda0ee0300b776ad542e44\"><a href=\"https:\/\/www.ksta.de\/koeln\/koelner-innenstadt\/koeln-verein-stadtgarten-veranstaltet-park-platz-tag-an-christuskirche-856825\">\u201ePark-Platz-Tag\u201c: Parkplatz an Christuskirche wird f\u00fcr einen Tag autofrei<\/a><\/h6>\n\n\n\n<p>16. September 2024, K\u00f6lner Stadtanzeiger<\/p>\n\n\n\n<div style=\"height:5px\" aria-hidden=\"true\" class=\"wp-block-spacer\"><\/div>\n\n\n\n<h6 class=\"wp-block-heading has-contrast-color has-text-color has-link-color wp-elements-9b166549aef808032c6f36e1a9945dc0\"><a href=\"https:\/\/wdrmedien-a.akamaihd.net\/medp\/podcast\/weltweit\/fsk0\/317\/3178116\/3178116_59128045.mp3\">Mobilit\u00e4tswoche: Superblocks in K\u00f6ln (Stadtgarten-Superveedel) und Dortmund<\/a><\/h6>\n\n\n\n<p>16. September 2024, WDR 3: Mosaik<\/p>\n\n\n\n<div style=\"height:5px\" aria-hidden=\"true\" class=\"wp-block-spacer\"><\/div>\n\n\n\n<p>16. September 2024, K\u00f6lner Stadt Anzeiger<\/p>\n\n\n\n<figure class=\"wp-block-image size-full\"><img loading=\"lazy\" decoding=\"async\" width=\"960\" height=\"938\" src=\"https:\/\/stadtgarten-verein.koeln\/wp-content\/uploads\/2024\/10\/20240916-Flaeche-an-der-Christuskirche-einen-Tag-autofrei.png\" alt=\"\" class=\"wp-image-1900\" srcset=\"https:\/\/stadtgarten-verein.koeln\/wp-content\/uploads\/2024\/10\/20240916-Flaeche-an-der-Christuskirche-einen-Tag-autofrei.png 960w, https:\/\/stadtgarten-verein.koeln\/wp-content\/uploads\/2024\/10\/20240916-Flaeche-an-der-Christuskirche-einen-Tag-autofrei-300x293.png 300w, https:\/\/stadtgarten-verein.koeln\/wp-content\/uploads\/2024\/10\/20240916-Flaeche-an-der-Christuskirche-einen-Tag-autofrei-768x750.png 768w\" sizes=\"auto, (max-width: 960px) 100vw, 960px\" \/><\/figure>\n\n\n\n<div style=\"height:20px\" aria-hidden=\"true\" class=\"wp-block-spacer\"><\/div>\n\n\n\n<h6 class=\"wp-block-heading has-contrast-color has-text-color has-link-color wp-elements-e160e9e8f84219b26648e0ab734578b4\"><a href=\"https:\/\/www.tag-des-offenen-denkmals.de\/denkmal\/2f26d538-c696-11ea-ab68-960000611c47\">F\u00fchrungen im K\u00f6lner Stadtgarten<\/a> mit Christoph Michels, Autor von &#8222;<a href=\"https:\/\/www.forstbuch.de\/produkt\/in-kuerze-lieferbar-starke-baeume-in-nordrhein-westfalen-michels-ch\">Starke B\u00e4ume in NRW<\/a>&#8222;<\/h6>\n\n\n\n<p>14. September 2024, Deutsche Stiftung Denkmalschutz<\/p>\n\n\n\n<figure class=\"wp-block-image size-large\"><img loading=\"lazy\" decoding=\"async\" width=\"1024\" height=\"576\" src=\"https:\/\/stadtgarten-verein.koeln\/wp-content\/uploads\/2025\/02\/43eed9d36f6fd18ae7f9_crop-1024x576.jpeg\" alt=\"\" class=\"wp-image-2261\" srcset=\"https:\/\/stadtgarten-verein.koeln\/wp-content\/uploads\/2025\/02\/43eed9d36f6fd18ae7f9_crop-1024x576.jpeg 1024w, https:\/\/stadtgarten-verein.koeln\/wp-content\/uploads\/2025\/02\/43eed9d36f6fd18ae7f9_crop-300x169.jpeg 300w, https:\/\/stadtgarten-verein.koeln\/wp-content\/uploads\/2025\/02\/43eed9d36f6fd18ae7f9_crop-768x432.jpeg 768w, https:\/\/stadtgarten-verein.koeln\/wp-content\/uploads\/2025\/02\/43eed9d36f6fd18ae7f9_crop-1536x864.jpeg 1536w, https:\/\/stadtgarten-verein.koeln\/wp-content\/uploads\/2025\/02\/43eed9d36f6fd18ae7f9_crop-2048x1152.jpeg 2048w\" sizes=\"auto, (max-width: 1024px) 100vw, 1024px\" \/><figcaption class=\"wp-element-caption\">K\u00f6lner Stadtgarten, Foto\u00a9Iris Pinkepank<\/figcaption><\/figure>\n\n\n\n<div style=\"height:20px\" aria-hidden=\"true\" class=\"wp-block-spacer\"><\/div>\n\n\n\n<h6 class=\"wp-block-heading\"><a href=\"https:\/\/www.ksta.de\/koeln\/koelner-innenstadt\/koeln-so-reagieren-befuerworter-und-kritiker-auf-die-superbloecke-860196\">\u201eKein zweiter Br\u00fcsseler Platz\u201c \u2013 So reagieren Bef\u00fcrworter und Kritiker auf die ersten Superbl\u00f6cke in K\u00f6ln<\/a><\/h6>\n\n\n\n<p>11. September 2024, K\u00f6lner Stadt Anzeiger<\/p>\n\n\n\n<div style=\"height:3px\" aria-hidden=\"true\" class=\"wp-block-spacer\"><\/div>\n\n\n\n<h6 class=\"wp-block-heading has-contrast-color has-text-color has-link-color wp-elements-0daf1ec8034e92f8b5a0c6d2efb41da4\">Der <a href=\"https:\/\/baukultur.nrw\/projekte\/stadtgarten\/\">Verein Stadtgarten in K\u00f6ln<\/a> setzt sich ein f\u00fcr Freiraumgestaltung, Klimaneutralit\u00e4t und einen autofreien Platz zwischen Christuskirche und Stadtgarten.&nbsp;<\/h6>\n\n\n\n<p>10. September 2024, Baukultur Nordrhein Westfahlen<\/p>\n\n\n\n<div style=\"height:5px\" aria-hidden=\"true\" class=\"wp-block-spacer\"><\/div>\n\n\n\n<h6 class=\"wp-block-heading has-contrast-color has-text-color has-link-color wp-elements-571d4054d3deca1f8ca261cef482994d\"><a href=\"https:\/\/www.ardmediathek.de\/video\/lokalzeit-aus-koeln\/lokalzeit-aus-koeln-oder-09-09-2024\/wdr-koeln\/Y3JpZDovL3dkci5kZS9CZWl0cmFnLXNvcGhvcmEtZjIyZmI3OTctZjUwZi00NzVhLWJmMjYtMjBiZTc2NzM1ZWU3\">Zwei Superblocks f\u00fcr K\u00f6ln<\/a><\/h6>\n\n\n\n<p>09. September 2024, WDR-Lokalzeit: K\u00f6ln<\/p>\n\n\n\n<div style=\"height:5px\" aria-hidden=\"true\" class=\"wp-block-spacer\"><\/div>\n\n\n\n<p>09. September 2024, K\u00f6lner Stadt Anzeiger<\/p>\n\n\n\n<figure class=\"wp-block-image size-full\"><img loading=\"lazy\" decoding=\"async\" width=\"960\" height=\"397\" src=\"https:\/\/stadtgarten-verein.koeln\/wp-content\/uploads\/2024\/10\/20240909-Autofreie-superblocks-fuer-2-Koelner-Veedel-geplant-web.png\" alt=\"\" class=\"wp-image-1903\" srcset=\"https:\/\/stadtgarten-verein.koeln\/wp-content\/uploads\/2024\/10\/20240909-Autofreie-superblocks-fuer-2-Koelner-Veedel-geplant-web.png 960w, https:\/\/stadtgarten-verein.koeln\/wp-content\/uploads\/2024\/10\/20240909-Autofreie-superblocks-fuer-2-Koelner-Veedel-geplant-web-300x124.png 300w, https:\/\/stadtgarten-verein.koeln\/wp-content\/uploads\/2024\/10\/20240909-Autofreie-superblocks-fuer-2-Koelner-Veedel-geplant-web-768x318.png 768w\" sizes=\"auto, (max-width: 960px) 100vw, 960px\" \/><\/figure>\n\n\n\n<div style=\"height:3px\" aria-hidden=\"true\" class=\"wp-block-spacer\"><\/div>\n\n\n\n<div style=\"height:3px\" aria-hidden=\"true\" class=\"wp-block-spacer\"><\/div>\n\n\n\n<h6 class=\"wp-block-heading has-contrast-color has-text-color has-link-color wp-elements-971407347bcb4fedf68c27384d38b2b1\"><a href=\"https:\/\/www.sue-nrw.de\/die-ersten-superblocks-fuer-koeln\/\">Zwei Superblocks f\u00fcr K\u00f6ln \u2013 Die K\u00f6lner Stadtgarten- und Winzer-Veedel sollen zu klimagerechten und enkeltauglichen Quartieren entwickelt werden.<\/a><\/h6>\n\n\n\n<p>06. September 2024, Stiftung Umwelt und Entwicklung Nordrhein-Westphalen<\/p>\n\n\n\n<div style=\"height:5px\" aria-hidden=\"true\" class=\"wp-block-spacer\"><\/div>\n\n\n\n<h6 class=\"wp-block-heading has-contrast-color has-text-color has-link-color wp-elements-fb87a2a7a482e7656727305270c4724d\">&#8222;J\u00e4te-deinen-Garten-Tag&#8220; \u2013 <a href=\"https:\/\/landing.churchdesk.com\/e\/31499477\">Pflanzaktion rund um die Christuskirche<\/a><\/h6>\n\n\n\n<p>09.06.2024, Christuskirche: Homepage<\/p>\n\n\n\n<div style=\"height:5px\" aria-hidden=\"true\" class=\"wp-block-spacer\"><\/div>\n\n\n\n<h6 class=\"wp-block-heading has-contrast-color has-text-color has-link-color wp-elements-2163d616c5c41ae2514bf3fe59fbdbd3\"><a href=\"https:\/\/koelner-stadtteilliebe.de\/90117-2\/\">Die ersten Superblocks f\u00fcr K\u00f6ln \u2013 Im Stadtgarten und im Winzer-Veedel ist der Anfang gemacht<\/a><\/h6>\n\n\n\n<p>05.09.2024, K\u00f6lner Stadtteilliebe<\/p>\n\n\n\n<div style=\"height:5px\" aria-hidden=\"true\" class=\"wp-block-spacer\"><\/div>\n\n\n\n<p>27. Mai 2024, K\u00f6lner Stadt Anzeiger<\/p>\n\n\n\n<figure class=\"wp-block-image size-large\"><img loading=\"lazy\" decoding=\"async\" width=\"709\" height=\"1024\" src=\"https:\/\/stadtgarten-verein.koeln\/wp-content\/uploads\/2024\/10\/20240527-KStA-Besser-durch-die-Stadt-709x1024.png\" alt=\"\" class=\"wp-image-1910\" srcset=\"https:\/\/stadtgarten-verein.koeln\/wp-content\/uploads\/2024\/10\/20240527-KStA-Besser-durch-die-Stadt-709x1024.png 709w, https:\/\/stadtgarten-verein.koeln\/wp-content\/uploads\/2024\/10\/20240527-KStA-Besser-durch-die-Stadt-208x300.png 208w, https:\/\/stadtgarten-verein.koeln\/wp-content\/uploads\/2024\/10\/20240527-KStA-Besser-durch-die-Stadt-768x1109.png 768w, https:\/\/stadtgarten-verein.koeln\/wp-content\/uploads\/2024\/10\/20240527-KStA-Besser-durch-die-Stadt.png 960w\" sizes=\"auto, (max-width: 709px) 100vw, 709px\" \/><\/figure>\n\n\n\n<div style=\"height:20px\" aria-hidden=\"true\" class=\"wp-block-spacer\"><\/div>\n\n\n\n<h6 class=\"wp-block-heading has-contrast-color has-text-color has-link-color wp-elements-a7b1ef76fab11925f3bffeb6172afd9c\"><a href=\"https:\/\/www.ksta.de\/koeln\/koelner-innenstadt\/koeln-wie-schafft-die-stadt-die-mobilitaetswende-camp-auf-dem-rudolfplatz-800145\">Wie schafft K\u00f6ln die Mobilit\u00e4tswende?<\/a><\/h6>\n\n\n\n<p>24. Mai 2025, K\u00f6lner Stadt Anzeiger<\/p>\n","protected":false},"excerpt":{"rendered":"<p>Oktober 2025, Stiftung Umwelt und Entwicklung: Jahresbericht 2024 &#8222;Nachhaltig handeln. NRW wandeln.&#8220;, S. 84-85 23. September 2025, K\u00f6lner Stadt Anzeiger: Superveedel in K\u00f6ln \u2013 Am Stadtgarten sollen Fu\u00dfg\u00e4nger Vorfahrt haben 28. August 2025, Stadtrevue 26. M\u00e4rz 2025, K\u00f6lnische Rundschau Superblockbewegung nimmt Fahrt auf in NRW 25. M\u00e4rz 2025, Bochum aktiv Land unterst\u00fctzt zehn ehrenamtliche Projekte, [&hellip;]<\/p>\n","protected":false},"author":3,"featured_media":0,"parent":0,"menu_order":70,"comment_status":"closed","ping_status":"closed","template":"","meta":{"footnotes":""},"class_list":["post-1309","page","type-page","status-publish","hentry"],"_links":{"self":[{"href":"https:\/\/stadtgarten-verein.koeln\/index.php\/wp-json\/wp\/v2\/pages\/1309","targetHints":{"allow":["GET"]}}],"collection":[{"href":"https:\/\/stadtgarten-verein.koeln\/index.php\/wp-json\/wp\/v2\/pages"}],"about":[{"href":"https:\/\/stadtgarten-verein.koeln\/index.php\/wp-json\/wp\/v2\/types\/page"}],"author":[{"embeddable":true,"href":"https:\/\/stadtgarten-verein.koeln\/index.php\/wp-json\/wp\/v2\/users\/3"}],"replies":[{"embeddable":true,"href":"https:\/\/stadtgarten-verein.koeln\/index.php\/wp-json\/wp\/v2\/comments?post=1309"}],"version-history":[{"count":42,"href":"https:\/\/stadtgarten-verein.koeln\/index.php\/wp-json\/wp\/v2\/pages\/1309\/revisions"}],"predecessor-version":[{"id":3004,"href":"https:\/\/stadtgarten-verein.koeln\/index.php\/wp-json\/wp\/v2\/pages\/1309\/revisions\/3004"}],"wp:attachment":[{"href":"https:\/\/stadtgarten-verein.koeln\/index.php\/wp-json\/wp\/v2\/media?parent=1309"}],"curies":[{"name":"wp","href":"https:\/\/api.w.org\/{rel}","templated":true}]}}