{"id":1311,"date":"2024-08-17T17:58:26","date_gmt":"2024-08-17T17:58:26","guid":{"rendered":"https:\/\/stadtgarten-verein.koeln\/?page_id=1311"},"modified":"2025-08-11T13:57:49","modified_gmt":"2025-08-11T11:57:49","slug":"unser-pressemeldungen","status":"publish","type":"page","link":"https:\/\/stadtgarten-verein.koeln\/index.php\/unser-pressemeldungen\/","title":{"rendered":"Unsere Pressemeldungen"},"content":{"rendered":"\n<div style=\"height:10px\" aria-hidden=\"true\" class=\"wp-block-spacer\"><\/div>\n\n\n\n<h4 class=\"wp-block-heading\">22.09.2024 Park-Platz-Tag an der K\u00f6lner Christuskirche<\/h4>\n\n\n\n<h5 class=\"wp-block-heading\"><strong>Stadtgarten-Superveedel schl\u00e4gt auf<\/strong> &#8211; <strong>Nachbarinnen und Nachbarn demonstrierten und diskutierten <\/strong><\/h5>\n\n\n\n<p>K\u00f6ln, 24.09.24 \u2013 Am Park-Platz-Tag verwandelte sich der sonst graue Parkplatz hinter der Christuskirche in einen autofreien Raum. Der Stadtgarten e. V, der diesen Tag am 22. September initiierte, sperrte zudem einen Abschnitt der Spichernstra\u00dfe f\u00fcr den Autoverkehr. \u00dcber 500 Nachbarn und tausende Radfahrende der Kidical Mass teilten diese neue Raumerfahrung. \u201eWir zeigen, wie sich dieser Parkplatz ohne Autos ver\u00e4ndert und anf\u00fchlt\u201c, erkl\u00e4rte Iris Pinkepank vom Stadtgarten e.V. Bezirksb\u00fcrgermeister Andreas Hupke betonte die Notwendigkeit von B\u00e4umen, um die steigenden Temperaturen in der K\u00f6lner Innenstadt zu mildern und besonders \u00e4lteren Menschen das Leben zu erleichtern.<\/p>\n\n\n\n<h6 class=\"wp-block-heading\"><strong>Oma- und enkeltaugliches Veedel<\/strong><\/h6>\n\n\n\n<p>Anlass war der Beschluss der Bezirksvertretung-Innenstadt zur Umsetzung eines Superveedels im Stadtgarten-Viertel. Das Superveedel \u2013 die k\u00f6lsche Variante des Superblocks \u2013 erm\u00f6glicht den Anwohner:innen exklusives Parken, ohne den Bereich komplett autofrei zu gestalten. \u201eUnser Ziel ist ein oma- und enkeltaugliches Veedel\u201c, sagte Pinkepank. Generationengerechtigkeit, Lebensqualit\u00e4t und Austausch stehen im Fokus. Harald Schuster von RadKomm e. V. unterstrich die Bedeutung der Nachbarschaft als \u201eOrt der Demokratie\u201c, wobei Begr\u00fcnung und Begegnungsorte zentrale Elemente sind.<\/p>\n\n\n\n<h6 class=\"wp-block-heading\"><strong>Erstmal B\u00e4ume<\/strong><\/h6>\n\n\n\n<p>Der politische Beschluss l\u00e4sst viel Freiraum f\u00fcr die konkrete Umsetzung. In einer offenen Diskussionsrunde sprachen Anwohnerinnen und Anwohner mit Fachleuten aus K\u00f6ln und Berlin \u00fcber ihre Vorstellungen. Die Idee, mit B\u00e4umen zu beginnen, stie\u00df auf positive Resonanz. Dieser fruchtbare Austausch war ein wichtiges Ziel des Park-Platz-Tages. \u2013 Ein Wortspiel mit Programm: Denn ein Parkplatz kann sowohl ein Platz als auch ein Park sein. Dar\u00fcber nachzudenken lohnt sich. Der Stadtgarten e.V. setzt den Dialog \u00fcber das Superveedel fort.<\/p>\n\n\n\n<div style=\"height:5px\" aria-hidden=\"true\" class=\"wp-block-spacer\"><\/div>\n\n\n\n<figure class=\"wp-block-image size-full\"><img loading=\"lazy\" decoding=\"async\" width=\"640\" height=\"480\" src=\"https:\/\/stadtgarten-verein.koeln\/wp-content\/uploads\/2024\/09\/Park-Platz-Tag-Buntes-Treiben-wo-sonst-Autos-stehen-Foto\u00a9Stadtgarten-e.-V.jpeg\" alt=\"\" class=\"wp-image-1780\" srcset=\"https:\/\/stadtgarten-verein.koeln\/wp-content\/uploads\/2024\/09\/Park-Platz-Tag-Buntes-Treiben-wo-sonst-Autos-stehen-Foto\u00a9Stadtgarten-e.-V.jpeg 640w, https:\/\/stadtgarten-verein.koeln\/wp-content\/uploads\/2024\/09\/Park-Platz-Tag-Buntes-Treiben-wo-sonst-Autos-stehen-Foto\u00a9Stadtgarten-e.-V-300x225.jpeg 300w\" sizes=\"auto, (max-width: 640px) 100vw, 640px\" \/><figcaption class=\"wp-element-caption\">Park-Platz-Tag auf dem Parkplatz ohne Autos hinter der K\u00f6lner Christuskirche, Foto\u00a9Stadtgarten e. V.<\/figcaption><\/figure>\n\n\n\n<div style=\"height:5px\" aria-hidden=\"true\" class=\"wp-block-spacer\"><\/div>\n\n\n\n<h6 class=\"wp-block-heading\">Kontakt:<\/h6>\n\n\n\n<p>Stadtgarten e. V.<br>Iris Pinkepank<br>015204924665<br>pinkepank@stadtgarten-verein.koeln<br>www.stadtgarten-verein.koeln<\/p>\n\n\n\n<div style=\"height:5px\" aria-hidden=\"true\" class=\"wp-block-spacer\"><\/div>\n\n\n\n<h6 class=\"wp-block-heading\"><strong>\u00dcber den Park-Platz-Tag<\/strong><\/h6>\n\n\n\n<p>22.09.2024, 12.30 Uhr Parkplatz Christuskirche, 50678 K\u00f6ln.<br>Der Park-Platz-Tag war eine \u00f6ffentliche Veranstaltung des Stadtgarten e. V. Er fand im Rahmen der Europ\u00e4ischen Mobilit\u00e4tswoche am Auto-frei-Tag statt. Fachkompetenz: Harald Schuster, Vorstand Radkomm e. V., Simon W\u00f6hr, Autor von \u201eDas Manifest der freien Stra\u00dfe\u201c, und Ralf Brand vom K\u00f6lner Lebeveedel hielten Impulsvortr\u00e4ge. Martin Herrndorf von B\u00fcndnis 90\/Die Gr\u00fcnen erkl\u00e4rte den Beschluss der Bezirksvertretung im Detail. Valentina Haas, Superblock-Koordinatorin von Changing Cities e. V., sowie Anne Grose vom Fu\u00df e.V. und Dominik Kerl von der IG Lebenswerte Lux brachten ihre Expertise ein.<\/p>\n\n\n\n<div style=\"height:5px\" aria-hidden=\"true\" class=\"wp-block-spacer\"><\/div>\n\n\n\n<h6 class=\"wp-block-heading\"><strong>\u00dcber den Stadtgarten e. V.<\/strong><\/h6>\n\n\n\n<p>Der Stadtgarten e. V. hat sich im Januar 2024 als gemeinn\u00fctziger Verein gegr\u00fcndet. Mittlerweile hat er 30 Mitglieder. Er ist Teil der Superblocksbewegung von Changing Cities. Er setzt sich f\u00fcr ein klimagerechtes und enkeltaugliches Stadtgarten-Veedel ein. Seine Themen sind: Der Park, das Veedel und die Nachbarschaft. Stadtgarten e. V. hat sich gemeinsam mit den drei anderen Veedelsblock-Initiativen zum Dachverband \u201eK\u00f6lner SuperVeedel\u201c zusammengeschlossen. <br>www.stadtgarten-verein.koeln<\/p>\n\n\n\n<div style=\"height:50px\" aria-hidden=\"true\" class=\"wp-block-spacer\"><\/div>\n\n\n\n<h4 class=\"wp-block-heading\">21.09.2024 NRW-Superblocks-Treffen in K\u00f6ln<\/h4>\n\n\n\n<h5 class=\"wp-block-heading\"><strong>Superblocks-Bewegung in NRW w\u00e4chst: Nachbarschaftsinitiativen aus sechs St\u00e4dten fordern klimaresiliente Wohnquartiere \/ Wird K\u00f6ln die n\u00e4chste Superblock-Hauptstadt?<\/strong><\/h5>\n\n\n\n<p>K\u00f6ln \/ Berlin, 24. September 2024 \u2013 In der Europ\u00e4ischen Mobilit\u00e4tswoche haben sich am vergangenen Samstag \u00fcber 50 Personen zum zweiten NRW-weiten Superblock-Treffen versammelt. Die Besuchenden kamen u.a. aus M\u00fcnster, Bochum, Essen, Dortmund und Kempen. Der K\u00f6lner Mobilit\u00e4tsdezernent Ascan Egerer besuchte das Treffen.<\/p>\n\n\n\n<p>Die Superblocks-Bewegung in NRW ist noch im Werden. Mittlerweile liegen in K\u00f6ln und Dortmund entsprechende politische Beschl\u00fcsse vor. Das aus Barcelona bekannte Konzept f\u00fcr die Einrichtung von Wohnvierteln ohne motorisierten Durchgangsverkehr verbreitet sich mittlerweile im gesamten Bundesland. Menschen in st\u00e4dtischen Quartieren w\u00fcnschen berechtigterweise Ruhe und bessere Luft. Die L\u00f6sung: W\u00e4hrend alle Orte im Superblock nach wie vor auch per Kfz erreichbar bleiben, werden der Kfz-Durchgangsverkehr und die Schleichwege unterbunden.<\/p>\n\n\n\n<p>Mobilit\u00e4tsdezernent der Stadt K\u00f6ln, Ascan Egerer, hebt die Bedeutung von B\u00fcrgerinitiativen hevor: \u201cSie sind die Menschen vor Ort. Initiativen helfen dabei, inhaltlich in entsprechende Konzepte zu kommen und Ideen zu entwickeln.\u201d Gleichzeitig macht er darauf aufmerksam, wie herausfordernd es ist, alle B\u00fcrgerinnen und B\u00fcrger auf dem Weg der Mobilit\u00e4tswende mitzunehmen: \u201cDas klassische Format, wie es Jahrzehnte funktioniert hat, reicht heute nicht mehr. Wir sind dabei, neue Wege der \u00d6ffentlichkeitsbeteiligung zu gehen!\u201d.&nbsp;Auf die Frage, ob K\u00f6ln nach Berlin zur n\u00e4chsten Superblock-Hauptstadt werde, antwortete Ascan Egerer augenzwinkernd: \u201cDas ist gar nicht so abwegig, so viele Initiativen wie hier unterwegs sind.\u201d<\/p>\n\n\n\n<p>Das Konzept der Superblocks ist ein niedrigschwelliges Angebot an Kommunen, das einen klaren Weg beschreibt, wie Verkehrssicherheit verbessert, Wirtschaftsverkehr optimiert, Klimaanpassung erleichtert und urbane Lebensqualit\u00e4t gesteigert werden k\u00f6nnen. \u00d6PNV, Fu\u00df-, Rad- und Wirtschaftsverkehr, Feuerwehr, M\u00fcllabfuhr etc. haben \u00fcberall im Viertel erleichterten Zugang \u2013 nur der ortsfremde Durchgangsverkehr wird verhindert.<\/p>\n\n\n\n<p>\u201cEs muss ein partizipativer Prozess mit den Nutzenden entwickelt werden, in dem die Vorteile herausgestellt werden. Sonst wird bspw. ein Parkplatzabbau oder eine Durchfahrtsperre schnell als Verlust wahrgenommen. Dahinter sollte eine Vision stehen, wie wir im Viertel leben wollen\u201d, empfiehlt Sebastian Clausen, der in Hamburg den Verkehrsversuch \u201cOttensen macht Platz\u201d begleitet hat und schlussfolgert: \u201cMan muss wirklich sehr viel Durchhalteverm\u00f6gen und Geduld haben. Wir m\u00fcssen den Mut haben, zu lernen, zu scheitern, durchzuhalten und wieder weiterzumachen.\u201d<\/p>\n\n\n\n<p>Beim zweiten NRW-weiten Superblocks-Treffen ging es um st\u00e4dtebauliche Entwicklung im Zeichen des Klimawandels: Menschen in St\u00e4dten erleben die klimabedingte Hitze und D\u00fcrre viel unmittelbarer und bedrohlicher als Menschen in suburbanen Gegenden. Der Bedarf an gr\u00fcner und blauer Infrastruktur \u2013 also B\u00e4ume und Entsiegelung zur Wasserspeicherung \u2013 ist in urbanen R\u00e4umen weit dr\u00e4ngender. Valentina Haas von Changing Cities e.V. betont : \u201cIm letzten Jahr starben 47.000 Europ\u00e4er*innen den Hitzetod \u2013 ein trauriger Rekord.&nbsp;Die Frage<\/p>\n\n\n\n<p>ist schon lange nicht mehr OB wir etwas in unseren St\u00e4dten \u00e4ndern m\u00fcssen. Es geht um das WIE.&nbsp;Entsiegelung und Begr\u00fcnung sind die entscheidenden Ma\u00dfnahmen zur K\u00fchlung des urbanen Raumes: Bis zu 14\u00b0 C kann ein gro\u00dfer Baum das Stra\u00dfenumfeld abk\u00fchlen.\u201d<\/p>\n\n\n\n<p>Der Zusammenschluss K\u00f6lner Superveedel-Initiativen aus den Initiativen Winzerveedel, Stadtgarten e.V., LebeVeedel und Veedelsfreiraum war Gastgeber dieses zweiten NRW-weiten Treffens und m\u00f6chte die Einf\u00fchrung von Superblocks in K\u00f6ln und NRW vorantreiben. Das dritte NRW-weite Superblocks-Treffen wird im Fr\u00fchjahr 2025 im Ruhrgebiet stattfinden. Eine Website f\u00fcr den Dachverband NRW wird in K\u00fcrze eingerichtet.<\/p>\n\n\n\n<p><em>Ansprechpersonen:<\/em><\/p>\n\n\n\n<p>Dachverband der K\u00f6lner Superveedel: Dominik Kerl, dominikkerl.ini@icloud.com Changing Cities e.V.: Ragnhild Soerensen,&nbsp;ragnhild.soerensen@changing-cities.org<\/p>\n\n\n\n<p>Die angeh\u00e4ngten Fotos d\u00fcrfen gerne publiziert werden.<\/p>\n\n\n\n<figure class=\"wp-block-image size-large\"><img loading=\"lazy\" decoding=\"async\" width=\"1024\" height=\"767\" src=\"https:\/\/stadtgarten-verein.koeln\/wp-content\/uploads\/2024\/10\/6DE4DED7-9A69-4558-A786-D44087F782ED_1_105_c-1024x767.jpg\" alt=\"\" class=\"wp-image-2030\" srcset=\"https:\/\/stadtgarten-verein.koeln\/wp-content\/uploads\/2024\/10\/6DE4DED7-9A69-4558-A786-D44087F782ED_1_105_c-1024x767.jpg 1024w, https:\/\/stadtgarten-verein.koeln\/wp-content\/uploads\/2024\/10\/6DE4DED7-9A69-4558-A786-D44087F782ED_1_105_c-300x225.jpg 300w, https:\/\/stadtgarten-verein.koeln\/wp-content\/uploads\/2024\/10\/6DE4DED7-9A69-4558-A786-D44087F782ED_1_105_c-768x575.jpg 768w, https:\/\/stadtgarten-verein.koeln\/wp-content\/uploads\/2024\/10\/6DE4DED7-9A69-4558-A786-D44087F782ED_1_105_c.jpg 1280w\" sizes=\"auto, (max-width: 1024px) 100vw, 1024px\" \/><\/figure>\n\n\n\n<figure class=\"wp-block-image size-large\"><img loading=\"lazy\" decoding=\"async\" width=\"1024\" height=\"682\" src=\"https:\/\/stadtgarten-verein.koeln\/wp-content\/uploads\/2024\/10\/NRW_Superblockstreffen_Gruppenfoto-2-1024x682.jpg\" alt=\"\" class=\"wp-image-2031\" srcset=\"https:\/\/stadtgarten-verein.koeln\/wp-content\/uploads\/2024\/10\/NRW_Superblockstreffen_Gruppenfoto-2-1024x682.jpg 1024w, https:\/\/stadtgarten-verein.koeln\/wp-content\/uploads\/2024\/10\/NRW_Superblockstreffen_Gruppenfoto-2-300x200.jpg 300w, https:\/\/stadtgarten-verein.koeln\/wp-content\/uploads\/2024\/10\/NRW_Superblockstreffen_Gruppenfoto-2-768x512.jpg 768w, https:\/\/stadtgarten-verein.koeln\/wp-content\/uploads\/2024\/10\/NRW_Superblockstreffen_Gruppenfoto-2.jpg 1280w\" sizes=\"auto, (max-width: 1024px) 100vw, 1024px\" \/><\/figure>\n","protected":false},"excerpt":{"rendered":"<p>22.09.2024 Park-Platz-Tag an der K\u00f6lner Christuskirche Stadtgarten-Superveedel schl\u00e4gt auf &#8211; Nachbarinnen und Nachbarn demonstrierten und diskutierten K\u00f6ln, 24.09.24 \u2013 Am Park-Platz-Tag verwandelte sich der sonst graue Parkplatz hinter der Christuskirche in einen autofreien Raum. Der Stadtgarten e. V, der diesen Tag am 22. September initiierte, sperrte zudem einen Abschnitt der Spichernstra\u00dfe f\u00fcr den Autoverkehr. \u00dcber [&hellip;]<\/p>\n","protected":false},"author":3,"featured_media":0,"parent":0,"menu_order":80,"comment_status":"closed","ping_status":"closed","template":"","meta":{"footnotes":""},"class_list":["post-1311","page","type-page","status-publish","hentry"],"_links":{"self":[{"href":"https:\/\/stadtgarten-verein.koeln\/index.php\/wp-json\/wp\/v2\/pages\/1311","targetHints":{"allow":["GET"]}}],"collection":[{"href":"https:\/\/stadtgarten-verein.koeln\/index.php\/wp-json\/wp\/v2\/pages"}],"about":[{"href":"https:\/\/stadtgarten-verein.koeln\/index.php\/wp-json\/wp\/v2\/types\/page"}],"author":[{"embeddable":true,"href":"https:\/\/stadtgarten-verein.koeln\/index.php\/wp-json\/wp\/v2\/users\/3"}],"replies":[{"embeddable":true,"href":"https:\/\/stadtgarten-verein.koeln\/index.php\/wp-json\/wp\/v2\/comments?post=1311"}],"version-history":[{"count":17,"href":"https:\/\/stadtgarten-verein.koeln\/index.php\/wp-json\/wp\/v2\/pages\/1311\/revisions"}],"predecessor-version":[{"id":2032,"href":"https:\/\/stadtgarten-verein.koeln\/index.php\/wp-json\/wp\/v2\/pages\/1311\/revisions\/2032"}],"wp:attachment":[{"href":"https:\/\/stadtgarten-verein.koeln\/index.php\/wp-json\/wp\/v2\/media?parent=1311"}],"curies":[{"name":"wp","href":"https:\/\/api.w.org\/{rel}","templated":true}]}}