{"id":1407,"date":"2024-09-02T18:27:10","date_gmt":"2024-09-02T16:27:10","guid":{"rendered":"https:\/\/stadtgarten-verein.koeln\/?page_id=1407"},"modified":"2026-03-13T17:43:33","modified_gmt":"2026-03-13T16:43:33","slug":"das-koelner-superveedel","status":"publish","type":"page","link":"https:\/\/stadtgarten-verein.koeln\/index.php\/das-koelner-superveedel\/","title":{"rendered":"Das K\u00f6lner Superveedel"},"content":{"rendered":"\n<div style=\"height:0px\" aria-hidden=\"true\" class=\"wp-block-spacer\"><\/div>\n\n\n\n<p>Am 5. September 2024 hat die K\u00f6lner Bezirksvertretung 1 Innenstadt den Beschluss zur &#8222;<a href=\"https:\/\/ratsinformation.stadt-koeln.de\/getfile.asp?id=1003180&amp;type=do\">Umsetzung eines Veedelsblocks im an den Stadtgarten angrenzenden Wohnviertel<\/a>&#8220; gefasst. Damit sind wir eines von zwei Superveedel-Pilotprojekten der Stadt K\u00f6ln. Unser Superveedel befindet sich zwischen Venloer Stra\u00dfe, Kaiser-Wilhelm und Hansaring, Erftstra\u00dfe und dem Bahndamm, der den Stadtgarten begrenzt.<\/p>\n\n\n\n<div style=\"height:30px\" aria-hidden=\"true\" class=\"wp-block-spacer\"><\/div>\n\n\n\n<figure class=\"wp-block-image size-full is-resized\"><img loading=\"lazy\" decoding=\"async\" width=\"676\" height=\"678\" src=\"https:\/\/stadtgarten-verein.koeln\/wp-content\/uploads\/2026\/03\/Bildschirmfoto-2026-03-13-um-17.40.16.png\" alt=\"\" class=\"wp-image-3077\" style=\"aspect-ratio:0.9970961050933395;width:960px;height:auto\" srcset=\"https:\/\/stadtgarten-verein.koeln\/wp-content\/uploads\/2026\/03\/Bildschirmfoto-2026-03-13-um-17.40.16.png 676w, https:\/\/stadtgarten-verein.koeln\/wp-content\/uploads\/2026\/03\/Bildschirmfoto-2026-03-13-um-17.40.16-300x300.png 300w, https:\/\/stadtgarten-verein.koeln\/wp-content\/uploads\/2026\/03\/Bildschirmfoto-2026-03-13-um-17.40.16-150x150.png 150w\" sizes=\"auto, (max-width: 676px) 100vw, 676px\" \/><\/figure>\n\n\n\n<div style=\"height:30px\" aria-hidden=\"true\" class=\"wp-block-spacer\"><\/div>\n\n\n\n<p>In K\u00f6ln gibt bislang  neben uns weitere drei Superblock-Initiativen, die dieselben Ziele verfolgen wie wir mit unserem Stadtgarten e. V.:&nbsp;das&nbsp;<a href=\"https:\/\/www.superblock-winzerveedel.de\/\">Winzerveedel<\/a>, das&nbsp;<a href=\"applewebdata:\/\/C0194ECE-4904-4C9F-A929-C8424D3BBF3D\/Lebeveedel\">Lebeveedel<\/a> und den&nbsp;<a href=\"https:\/\/veedelsfreiraum.de\/\">Veedelsfreiraum<\/a>.&nbsp;Superblock ist ein Konzept aus Barcelona, das Fu\u00dfg\u00e4ngerinnen, Fu\u00dfg\u00e4nger und Radfahrende st\u00e4rkt und den Kfz-Verkehr reduziert. Wir sagen aber lieber Superveedel, weil es in K\u00f6ln anders als in Barcelona keine Wohnblocks als Viertelstruktur gibt. Unsere Viertel hei\u00dfen Veedel.<\/p>\n\n\n\n<p>Wir vier haben uns vernetzt und zum Dachverband &#8222;K\u00f6lner Superveedel&#8220; zusammengeschlossen, &#8222;<a href=\"https:\/\/superblocks-nrw.de\">Superblocks NRW<\/a>&#8220; aufgebaut  und sind alle Teil der&nbsp;<a href=\"https:\/\/changing-cities.org\/kampagnen\/superblocks\/\">Superblocks-Bewegung<\/a>&nbsp;von&nbsp;&#8222;<a href=\"https:\/\/changing-cities.org\/\">Changing Cities<\/a>&#8222;, die in ganz Deutschland f\u00fcr klimagerechte St\u00e4dte aktiv sind. Vorbilder sind die Superilles in Barcelona und die Supergr\u00e4tzel in Wien. In Berlin ist es der Kiezblock, in Hamburg das Superb\u00fcttel, in Leipzig der Superblock \u2013 und in K\u00f6ln gibt es eben die Superveedel-Initiativen.<\/p>\n\n\n\n<p>Was macht einen Superveedel aus:&nbsp;<\/p>\n\n\n\n<ul class=\"wp-block-list\">\n<li>\u00d6ffentliche Diskurse und Experimente \u00fcber Klimagerechtigkeit<\/li>\n\n\n\n<li>B\u00e4ume, B\u00e4nke und Brunnen auf Stra\u00dfen und Pl\u00e4tzen&nbsp;<\/li>\n\n\n\n<li>Verkehrsberuhigte \u00f6ffentliche R\u00e4ume<\/li>\n\n\n\n<li>Schulwegsicherheit und Schulstra\u00dfen<\/li>\n\n\n\n<li>Nachbarschaftlicher Austausch<\/li>\n\n\n\n<li>Anwohner:innen-Parken<\/li>\n\n\n\n<li>Quartiersgarage<\/li>\n\n\n\n<li>Barrierefreiheit<\/li>\n\n\n\n<li>Fahrradwege<\/li>\n<\/ul>\n\n\n\n<figure class=\"wp-block-embed is-type-video is-provider-youtube wp-block-embed-youtube wp-embed-aspect-16-9 wp-has-aspect-ratio\"><div class=\"wp-block-embed__wrapper\">\n<iframe loading=\"lazy\" title=\"Schritt f\u00fcr Schritt zum Superblock\" width=\"500\" height=\"281\" src=\"https:\/\/www.youtube.com\/embed\/CuGxjteca0w?list=PLutIzRsJ-NNr198kj-3pq48kbHVhWkFqW\" frameborder=\"0\" allow=\"accelerometer; autoplay; clipboard-write; encrypted-media; gyroscope; picture-in-picture; web-share\" referrerpolicy=\"strict-origin-when-cross-origin\" allowfullscreen><\/iframe>\n<\/div><\/figure>\n\n\n\n<figure class=\"wp-block-embed is-type-video is-provider-youtube wp-block-embed-youtube wp-embed-aspect-16-9 wp-has-aspect-ratio\"><div class=\"wp-block-embed__wrapper\">\n<iframe loading=\"lazy\" title=\"Superblocks konkret - Lieferzonen und Parkpl\u00e4tze\" width=\"500\" height=\"281\" src=\"https:\/\/www.youtube.com\/embed\/ZcPtW9VnMps?list=PLutIzRsJ-NNr198kj-3pq48kbHVhWkFqW\" frameborder=\"0\" allow=\"accelerometer; autoplay; clipboard-write; encrypted-media; gyroscope; picture-in-picture; web-share\" referrerpolicy=\"strict-origin-when-cross-origin\" allowfullscreen><\/iframe>\n<\/div><\/figure>\n\n\n\n<figure class=\"wp-block-embed is-type-video is-provider-youtube wp-block-embed-youtube wp-embed-aspect-16-9 wp-has-aspect-ratio\"><div class=\"wp-block-embed__wrapper\">\n<iframe loading=\"lazy\" title=\"Superblocks - Freiraum f\u00fcr Kinder\" width=\"500\" height=\"281\" src=\"https:\/\/www.youtube.com\/embed\/G3h-upJ2eRs?list=PLutIzRsJ-NNr198kj-3pq48kbHVhWkFqW\" frameborder=\"0\" allow=\"accelerometer; autoplay; clipboard-write; encrypted-media; gyroscope; picture-in-picture; web-share\" referrerpolicy=\"strict-origin-when-cross-origin\" allowfullscreen><\/iframe>\n<\/div><\/figure>\n\n\n\n<figure class=\"wp-block-embed is-type-video is-provider-youtube wp-block-embed-youtube wp-embed-aspect-16-9 wp-has-aspect-ratio\"><div class=\"wp-block-embed__wrapper\">\n<iframe loading=\"lazy\" title=\"Superblocks - So sorgst du f\u00fcr bessere Luft\" width=\"500\" height=\"281\" src=\"https:\/\/www.youtube.com\/embed\/DlqrSWVNX_k?list=PLutIzRsJ-NNr198kj-3pq48kbHVhWkFqW\" frameborder=\"0\" allow=\"accelerometer; autoplay; clipboard-write; encrypted-media; gyroscope; picture-in-picture; web-share\" referrerpolicy=\"strict-origin-when-cross-origin\" allowfullscreen><\/iframe>\n<\/div><\/figure>\n\n\n\n<div style=\"height:15px\" aria-hidden=\"true\" class=\"wp-block-spacer\"><\/div>\n\n\n\n<figure class=\"wp-block-image size-full\"><img loading=\"lazy\" decoding=\"async\" width=\"960\" height=\"1347\" src=\"https:\/\/stadtgarten-verein.koeln\/wp-content\/uploads\/2024\/09\/Plakat-Superblock.jpeg\" alt=\"\" class=\"wp-image-1574\" srcset=\"https:\/\/stadtgarten-verein.koeln\/wp-content\/uploads\/2024\/09\/Plakat-Superblock.jpeg 960w, https:\/\/stadtgarten-verein.koeln\/wp-content\/uploads\/2024\/09\/Plakat-Superblock-214x300.jpeg 214w, https:\/\/stadtgarten-verein.koeln\/wp-content\/uploads\/2024\/09\/Plakat-Superblock-730x1024.jpeg 730w, https:\/\/stadtgarten-verein.koeln\/wp-content\/uploads\/2024\/09\/Plakat-Superblock-768x1078.jpeg 768w\" sizes=\"auto, (max-width: 960px) 100vw, 960px\" \/><\/figure>\n\n\n\n<div style=\"height:100px\" aria-hidden=\"true\" class=\"wp-block-spacer\"><\/div>\n","protected":false},"excerpt":{"rendered":"<p>Am 5. September 2024 hat die K\u00f6lner Bezirksvertretung 1 Innenstadt den Beschluss zur &#8222;Umsetzung eines Veedelsblocks im an den Stadtgarten angrenzenden Wohnviertel&#8220; gefasst. Damit sind wir eines von zwei Superveedel-Pilotprojekten der Stadt K\u00f6ln. Unser Superveedel befindet sich zwischen Venloer Stra\u00dfe, Kaiser-Wilhelm und Hansaring, Erftstra\u00dfe und dem Bahndamm, der den Stadtgarten begrenzt. In K\u00f6ln gibt bislang [&hellip;]<\/p>\n","protected":false},"author":3,"featured_media":0,"parent":0,"menu_order":40,"comment_status":"closed","ping_status":"closed","template":"","meta":{"footnotes":""},"class_list":["post-1407","page","type-page","status-publish","hentry"],"_links":{"self":[{"href":"https:\/\/stadtgarten-verein.koeln\/index.php\/wp-json\/wp\/v2\/pages\/1407","targetHints":{"allow":["GET"]}}],"collection":[{"href":"https:\/\/stadtgarten-verein.koeln\/index.php\/wp-json\/wp\/v2\/pages"}],"about":[{"href":"https:\/\/stadtgarten-verein.koeln\/index.php\/wp-json\/wp\/v2\/types\/page"}],"author":[{"embeddable":true,"href":"https:\/\/stadtgarten-verein.koeln\/index.php\/wp-json\/wp\/v2\/users\/3"}],"replies":[{"embeddable":true,"href":"https:\/\/stadtgarten-verein.koeln\/index.php\/wp-json\/wp\/v2\/comments?post=1407"}],"version-history":[{"count":18,"href":"https:\/\/stadtgarten-verein.koeln\/index.php\/wp-json\/wp\/v2\/pages\/1407\/revisions"}],"predecessor-version":[{"id":3078,"href":"https:\/\/stadtgarten-verein.koeln\/index.php\/wp-json\/wp\/v2\/pages\/1407\/revisions\/3078"}],"wp:attachment":[{"href":"https:\/\/stadtgarten-verein.koeln\/index.php\/wp-json\/wp\/v2\/media?parent=1407"}],"curies":[{"name":"wp","href":"https:\/\/api.w.org\/{rel}","templated":true}]}}