{"id":1701,"date":"2024-10-25T19:21:14","date_gmt":"2024-10-25T17:21:14","guid":{"rendered":"https:\/\/stadtgarten-verein.koeln\/?page_id=1701"},"modified":"2025-08-11T14:10:23","modified_gmt":"2025-08-11T12:10:23","slug":"werde-mitglied","status":"publish","type":"page","link":"https:\/\/stadtgarten-verein.koeln\/index.php\/werde-mitglied\/","title":{"rendered":"Werde Mitglied"},"content":{"rendered":"\n<p>Lerne uns kennen und werde Mitglied in unserem Verein. Unsere Themen sind: der Park, das Veedel und die Nachbarschaft. Wir freuen uns auf dich und deine Unterst\u00fctzung, denn gemeinsam sind wir mehr als nur die Summe unserer Mitglieder. <br>Hier unsere Beitrittserkl\u00e4rung; unser Mitgliedsbeitrag betr\u00e4gt 30 Euro j\u00e4hrlich. Bitte sende sie uns ausgef\u00fcllt an: hallo@stadtgarten-verein.koeln<\/p>\n\n\n\n<div class=\"wp-block-file\"><a id=\"wp-block-file--media-efce72c4-3968-43d9-b150-7bb5a74c5beb\" href=\"https:\/\/stadtgarten-verein.koeln\/wp-content\/uploads\/2024\/10\/Beitrittserklaerung-automatisch-ausfuellbar.pdf\">Beitrittserkl\u00e4rung automatisch ausf\u00fcllbar<\/a><a href=\"https:\/\/stadtgarten-verein.koeln\/wp-content\/uploads\/2024\/10\/Beitrittserklaerung-automatisch-ausfuellbar.pdf\" class=\"wp-block-file__button wp-element-button\" download aria-describedby=\"wp-block-file--media-efce72c4-3968-43d9-b150-7bb5a74c5beb\">Herunterladen<\/a><\/div>\n\n\n\n<p><\/p>\n","protected":false},"excerpt":{"rendered":"<p>Lerne uns kennen und werde Mitglied in unserem Verein. Unsere Themen sind: der Park, das Veedel und die Nachbarschaft. Wir freuen uns auf dich und deine Unterst\u00fctzung, denn gemeinsam sind wir mehr als nur die Summe unserer Mitglieder. Hier unsere Beitrittserkl\u00e4rung; unser Mitgliedsbeitrag betr\u00e4gt 30 Euro j\u00e4hrlich. Bitte sende sie uns ausgef\u00fcllt an: hallo@stadtgarten-verein.koeln<\/p>\n","protected":false},"author":3,"featured_media":0,"parent":0,"menu_order":50,"comment_status":"closed","ping_status":"closed","template":"","meta":{"footnotes":""},"class_list":["post-1701","page","type-page","status-publish","hentry"],"_links":{"self":[{"href":"https:\/\/stadtgarten-verein.koeln\/index.php\/wp-json\/wp\/v2\/pages\/1701","targetHints":{"allow":["GET"]}}],"collection":[{"href":"https:\/\/stadtgarten-verein.koeln\/index.php\/wp-json\/wp\/v2\/pages"}],"about":[{"href":"https:\/\/stadtgarten-verein.koeln\/index.php\/wp-json\/wp\/v2\/types\/page"}],"author":[{"embeddable":true,"href":"https:\/\/stadtgarten-verein.koeln\/index.php\/wp-json\/wp\/v2\/users\/3"}],"replies":[{"embeddable":true,"href":"https:\/\/stadtgarten-verein.koeln\/index.php\/wp-json\/wp\/v2\/comments?post=1701"}],"version-history":[{"count":10,"href":"https:\/\/stadtgarten-verein.koeln\/index.php\/wp-json\/wp\/v2\/pages\/1701\/revisions"}],"predecessor-version":[{"id":2125,"href":"https:\/\/stadtgarten-verein.koeln\/index.php\/wp-json\/wp\/v2\/pages\/1701\/revisions\/2125"}],"wp:attachment":[{"href":"https:\/\/stadtgarten-verein.koeln\/index.php\/wp-json\/wp\/v2\/media?parent=1701"}],"curies":[{"name":"wp","href":"https:\/\/api.w.org\/{rel}","templated":true}]}}