{"id":2342,"date":"2025-07-24T07:12:29","date_gmt":"2025-07-24T05:12:29","guid":{"rendered":"https:\/\/stadtgarten-verein.koeln\/?page_id=2342"},"modified":"2025-09-20T18:21:29","modified_gmt":"2025-09-20T16:21:29","slug":"interessante-links-eine-sammlung","status":"publish","type":"page","link":"https:\/\/stadtgarten-verein.koeln\/index.php\/interessante-links-eine-sammlung\/","title":{"rendered":"Interessante Links \u2013 eine Sammlung"},"content":{"rendered":"\n<h5 class=\"wp-block-heading\"><strong>B\u00dcCHER:<\/strong><\/h5>\n\n\n\n<ul class=\"wp-block-list\">\n<li>Thomas Bruhn, Jessica B\u00f6hme: Mehr sein, weniger brauchen. \u2013 Was Nachhaltigkeit mit unseren Beziehungen zu tun hat<\/li>\n\n\n\n<li>Katja Diehl: Raus aus der Autokratie \u2013 Rein in die Mobilit\u00e4t von morgen<\/li>\n\n\n\n<li>Christoph Michels: <a href=\"https:\/\/www.forstbuch.de\/produkt\/in-kuerze-lieferbar-starke-baeume-in-nordrhein-westfalen-michels-ch\"><strong>Starke B\u00e4ume in Nordrhein-Westfalen<\/strong><\/a>; Christoph Michels erw\u00e4hnt darin auch einige B\u00e4ume aus dem Stadtgarten.<\/li>\n\n\n\n<li>Christian St\u00f6cker: M\u00e4nner die die Welt verbrennen \u2013 Der entscheidende Kampf um die Zukunft der Menschheit<\/li>\n\n\n\n<li>Urbanista.ch (Hrsg.): <a href=\"https:\/\/urbanista.de\/de\/projekt\/alles-super\"><strong>Alles super? wie Superblocks unsere St\u00e4dte zu besseren Orten machen<\/strong><\/a><\/li>\n\n\n\n<li>Simon W\u00f6hr:<a href=\"https:\/\/www.strassen-befreien.de\"><strong> Das Manifest der freien Stra\u00dfe<\/strong><\/a><\/li>\n<\/ul>\n\n\n\n<p><\/p>\n\n\n\n<h5 class=\"wp-block-heading\"><strong>LINKS<\/strong><\/h5>\n\n\n\n<h6 class=\"wp-block-heading\">K\u00f6ln<\/h6>\n\n\n\n<ul class=\"wp-block-list\">\n<li><strong><a href=\"https:\/\/www.tagesschau.de\/inland\/gesellschaft\/nuertinger-stadtbalkon-100.html?at_medium=tagesschau&amp;at_campaign=DeviceSharing&amp;at_content=SiteSharing\">Umgestaltet: Erfolgsgeschichte des N\u00fcrtinger Stadtbalkons<\/a><\/strong> | tageschau.de<\/li>\n\n\n\n<li><strong><a href=\"https:\/\/taz.de\/Parkende-Autos\/!5968714\/\">Diese Platz ist besetzt!<\/a><\/strong> | TAZ online 20.09.2025<\/li>\n\n\n\n<li><a href=\"https:\/\/stadtgarten-verein.koeln\/wp-content\/uploads\/2025\/08\/Wie-koeln-genen-die-Hitze-Kaempft-KSTA20250814-S.-23.jpg\"><strong>Wie K\u00f6ln gegen die Hitze k\u00e4mpft<\/strong> <\/a>| KStA 14.08.2025<\/li>\n\n\n\n<li><strong><a href=\"https:\/\/www.ardmediathek.de\/video\/story\/zugepflastert-wie-schuetzen-wir-unsere-staedte-vor-dem-hitzekollaps\/swr\/Y3JpZDovL3N3ci5kZS9hZXgvbzIyNTk0NzA\">Wie sch\u00fctzen wir unsere St\u00e4dte vor dem Hitzekollaps?<\/a><\/strong> | Arte Mediathek<\/li>\n\n\n\n<li><strong><a href=\"https:\/\/perspective-daily.de\/article\/3856-diese-stadt-zeigt-was-tempo-30-veraendert\/QTeJ6DNk?pk_campaign=link-user\">Helsinki zeigt, was Tempo 30 in der Stadt ver\u00e4ndert: Keine Verkehrstote mehr seit einem Jahr!<\/a><\/strong><\/li>\n\n\n\n<li><strong><a href=\"https:\/\/www.mehrfachnutzung.org\/\">Mehrfachnutzungung von Parkpl\u00e4tzen<\/a><\/strong> | Ampido GmbH, K\u00f6ln<\/li>\n\n\n\n<li><strong><a href=\"https:\/\/library.fes.de\/pdf-files\/wiso\/12366.pdf\">Das Soziale Quartier \u2013 Quartierspolitik f\u00fcr Teilhabe, Zusammenhalt und Lebensqualit\u00e4t<\/a> | <\/strong>Friedrich-Ebert-Stiftung<\/li>\n\n\n\n<li><strong><a href=\"https:\/\/wupperinst.org\/themen\/klima\/klimafolgenanpassung\/\">Kommunen r\u00fcsten sich gegen die Klimafolgen<\/a> |<\/strong> Wuppertal Insitut<\/li>\n\n\n\n<li><a href=\"http:\/\/Berlins h\u00f6chstes Gericht ebnet den Weg in eine autofreie Zukunft \u2013 \u201eEin verfassungsm\u00e4\u00dfiges Recht auf Autofahren gibt es nicht.\u201c\"><strong>K\u00f6lner Superblocks \u2013 Echte Beteiligung oder Status quo?<\/strong><\/a><\/li>\n\n\n\n<li><strong><a href=\"https:\/\/www.stadt-koeln.de\/leben-in-koeln\/umwelt-tiere\/klima\/hitzeportal\/karte-hitze-trinkwasserbrunnen\/index.html\">Planungshinweiskarte Hitze und Trinkbrunnen, Stadt K\u00f6ln<\/a><\/strong><\/li>\n\n\n\n<li><strong><a href=\"https:\/\/meinungfuer.koeln\/integriertes-klimaanpassungskonzept\">Hitze-Portal Stadt K\u00f6ln \u2013 Deine Meinung ist gefragt<\/a><\/strong><\/li>\n\n\n\n<li><strong><a href=\"https:\/\/www.ksta.de\/koeln\/koeln-hitze-wird-zunehmend-zur-gesundheitsgefahr-996166\">Hitze wird zunehmend zur Gesundheitsgefahr<\/a><\/strong> | K\u00f6lner Stadt Anzeiger \/ 01.04.2025<\/li>\n\n\n\n<li><strong><a href=\"https:\/\/superblocks-nrw.de\/die-initiativen\/\">Superblocks-NRW<\/a><\/strong><\/li>\n\n\n\n<li><strong><a href=\"https:\/\/www.lebeveedel.de\">Superveedel: Lebeveedel<\/a><\/strong><\/li>\n\n\n\n<li><strong><a href=\"https:\/\/veedelsfreiraum.de\">Superveedel: Veedelsfreiraum<\/a><\/strong><\/li>\n\n\n\n<li><strong><a href=\"https:\/\/www1.wdr.de\/nachrichten\/hitze-staedtebau-interview-100.html\">Superveedel: Winzerveedel<\/a><\/strong><\/li>\n\n\n\n<li><strong><a href=\"https:\/\/www.toiletten.koeln\/?noMobile=1\">Toilettenfinder in K\u00f6ln<\/a><\/strong> | Stadt K\u00f6ln<\/li>\n\n\n\n<li><strong><a href=\"https:\/\/www.vcd.org\/startseite\">V<\/a><\/strong><a href=\"https:\/\/www.vcd.org\/startseite\"><strong>erkehrsclub Deutschland VCD e. V.<\/strong><\/a><\/li>\n\n\n\n<li><strong><a href=\"https:\/\/meinungfuer.koeln\/group\/49\/content\/261\">Parkletts in K\u00f6ln<\/a><\/strong> <\/li>\n\n\n\n<li><strong><a href=\"https:\/\/de.wikipedia.org\/wiki\/Parklet\">Parklett Wiki<\/a><\/strong> &amp; <strong><a href=\"https:\/\/wiki.agorakoeln.de\/index.php?title=Parklet\">Parklett Wiki<\/a><\/strong> Agora K\u00f6ln<\/li>\n\n\n\n<li><strong><a href=\"https:\/\/www.agorakoeln.de\/2022\/05\/alles-neu-am-klettenplaetzchen\/\">Alles neu am Klettenpl\u00e4tzchen?<\/a> <\/strong>Das Gute Leben in den Veedeln \u2013 Pilotprojekt S\u00fculz-Klettenberg<\/li>\n\n\n\n<li><a href=\"https:\/\/www.stadt-koeln.de\/mediaasset\/content\/satzungen\/satzung_\u00fcber_erlaubnisse_und_geb\u00fchren_f\u00fcr_sondernutzungen_an_\u00f6ffentlichen_stra\u00dfen_vom_27._juni_2022.pdf\"><strong>Sondernutzungssatzung<\/strong> <strong>der Stadt K\u00f6ln<\/strong><\/a><strong> <\/strong>\u00fcber Erlaubnisse und Geb\u00fchren f\u00fcr Sondernutzungen an \u00f6ffentlichen&nbsp;Stra\u00dfe <\/li>\n\n\n\n<li><strong><a href=\"https:\/\/www.stadt-koeln.de\/artikel\/70239\/index.html\">K\u00f6lle Putzmunter<\/a><\/strong> &amp; <strong><a href=\"https:\/\/www.awbkoeln.de\/koelle-putzmunter\/aktion-anmelden\/\">Aktion anmelden<\/a><\/strong><\/li>\n\n\n\n<li><strong><a href=\"https:\/\/www.stadt-koeln.de\/artikel\/05239\/index.html\">Patenschaften f\u00fcr Baumbeete in der Stadt K\u00f6ln<\/a><\/strong><\/li>\n\n\n\n<li><strong><a href=\"https:\/\/essbare-stadt.koeln\">Essbare Stadt K\u00f6ln<\/a><\/strong> \u2013 G\u00e4rtnern im urbanen Raum | Ern\u00e4hrungsrat f\u00fcr K\u00f6ln und Umgebung e.V.<\/li>\n\n\n\n<li><strong><a href=\"https:\/\/www.stadt-koeln.de\/artikel\/68581\/index.html\">Trockenheit &#8211; Kr\u00e4fte b\u00fcndeln f\u00fcr die K\u00f6lner B\u00e4ume<\/a><\/strong> \u2013 Stadt K\u00f6ln<\/li>\n\n\n\n<li><strong><a href=\"https:\/\/gemeinschaftsgaerten-koeln.de\">Gemeinschaftsg\u00e4rten<\/a><\/strong> | K\u00f6lner Neuland e. V.<\/li>\n\n\n\n<li><strong><a href=\"https:\/\/wanderbaumallee-koeln.de\/aufbruchstadt\/aufbruchstadt-einleitung\/\">Aufbruch Stadt \u2013 Ehrenfeld hinter dem G\u00fcrtel<\/a><\/strong><\/li>\n\n\n\n<li><strong><a href=\"https:\/\/kidicalmasskoeln.org\">Kidical Mass K\u00f6ln<\/a><\/strong><\/li>\n<\/ul>\n\n\n\n<p><\/p>\n\n\n\n<h6 class=\"wp-block-heading\">Diverse<\/h6>\n\n\n\n<ul class=\"wp-block-list\">\n<li><strong><a href=\"https:\/\/katja-diehl.de\/berlins-hoechstes-gericht-ebnet-den-weg-in-eine-autofreie-zukunft\/\">Berlins h\u00f6chstes Gericht ebnet den Weg in eine autofreie Zukunft<\/a> <\/strong>\u2013 \u201e<em>Ein verfassungsm\u00e4\u00dfiges Recht auf Autofahren gibt es nicht.<\/em>\u201c<\/li>\n\n\n\n<li><strong><a href=\"https:\/\/www.urbane-waldgaerten.de\">Urbane Waldg\u00e4rten<\/a><\/strong><\/li>\n\n\n\n<li><strong><a href=\"https:\/\/de.wikipedia.org\/wiki\/Taktischer_Urbanismus\">Taktischer Urbanismus<\/a><\/strong><\/li>\n\n\n\n<li><strong><a href=\"https:\/\/tacticalurbanismguide.com\/latest\/\">Tacticle Urbanist&#8217;s Guide<\/a><\/strong><\/li>\n\n\n\n<li><strong><a href=\"https:\/\/libmodredaktion.fra1.digitaloceanspaces.com\/ wp-content\/uploads\/20250402111406\/ LibMod PP Overshoot _ _ _de-1.pdf\">Overshoot \u2013 einmal \u00fcber 1,5\u00b0C und zur\u00fcck?<\/a><\/strong> | Andy Reisinger | Zentrum Liberale Moderne<\/li>\n\n\n\n<li><strong><a href=\"https:\/\/e-library.iclei.org\/uploads\/ INCLUDE EU _ _policy_paper_final.pdf\">Gerechter urbaner Klimawandel<\/a><\/strong> | EU Policy Paper<\/li>\n\n\n\n<li><strong><a href=\"https:\/\/www.verbraucherzentrale.nrw\/sites\/ default\/files\/2025-02\/ verbraucherzentrale nrw uebers klima _ _ _ _sprechen_ im _quartier.pdf\">\u00dcbers Klima sprechen |<\/a><\/strong> Verbraucherzentrale NRW<\/li>\n\n\n\n<li><strong><a href=\"https:\/\/tagderklimademokratie.de\">Tag der Klimademokratie<\/a><\/strong><\/li>\n\n\n\n<li><strong><a href=\"https:\/\/vimeo.com\/282972390\">Barcelona&#8217;s Superblocks: Change the Grid, Change your Neighborhood<\/a><\/strong><\/li>\n\n\n\n<li><strong><a href=\"http:\/\/Zukunftsnetz Mobilit\u00e4t NRW\">Zukunftsnetz NRW<\/a><\/strong><\/li>\n\n\n\n<li><strong><a href=\"https:\/\/www.agfs-nrw.de\/fachthemen\/radverkehr\/aktuell\/superblocks\">Superblocks &#8211; zwischen Verkehrsberuhigung und nachhaltiger Transformation des \u00f6ffentlichen Raumes<\/a><\/strong><\/li>\n\n\n\n<li><strong><a href=\"https:\/\/dutchcyclinglifestyle.com\">Add a Touch of Dutch to Your Street<\/a><\/strong><\/li>\n\n\n\n<li><strong><a href=\"https:\/\/lebenswerte-staedte.de\/de\/\">\u201eDas Glas ist mehr als halbvoll\u201c \u2013 Initiative \u201eLebenswerte St\u00e4dte\u201c zum Abschluss der Reform des Stra\u00dfenverkehrsrecht<\/a>s<\/strong> | Lebenswerte St\u00e4dte und Gemeinden | 21.03.2025<\/li>\n\n\n\n<li><a href=\"https:\/\/urbanhealth-digispace.de\"><strong>Urban Health<\/strong><\/a><\/li>\n\n\n\n<li><strong><a href=\"https:\/\/fussverkehr.ch\/fileadmin\/redaktion\/publikationen\/20150223_Sitzen-im-oeffentlichen-Raum.pdf\">Sitzplatzkonzept Schweiz<\/a><\/strong><\/li>\n\n\n\n<li><strong><a href=\"https:\/\/www1.wdr.de\/nachrichten\/hitze-staedtebau-interview-100.html\">Wir r\u00e4umen den Autos immer noch viel zu viel Platz ein<\/a><\/strong> | Stadtforscher Jens Hasse | Deutschen Institut f\u00fcr Urbanistik | WDR | 22.08.2023<\/li>\n\n\n\n<li><strong><a href=\"https:\/\/changing-cities.org\/kampagnen\/superblocks\/\">Superblocks: Changing Cities e. V.<\/a><\/strong> | Nationale Stadtentwicklungspolitik<\/li>\n\n\n\n<li><strong><a href=\"https:\/\/www.nationale-stadtentwicklungspolitik.de\/NSPWeb\/SharedDocs\/Projekte\/Pilotprojekt\/Post-Corona-Stadt\/leipzig_neue_naehe.html;jsessionid=64E8A7F7873B456A5F47ADDA4F87BD6E.live21323?nn=2932694\">Neue N\u00e4hen \u2013 Superblock Leipzig<\/a><\/strong><\/li>\n\n\n\n<li><strong><a href=\"https:\/\/www.umweltbundesamt.de\/europaeische-mobilitaetswoche\">Europ\u00e4ische Mobilit\u00e4tswoche<\/a><\/strong><\/li>\n\n\n\n<li><strong><a href=\"https:\/\/www.mdr.de\/wissen\/umwelt-klima\/Verkehrsberuhigung-auch-gut-fuer-den-Einzelhandel-100.html\">Verkehrsberuhigung auch gut f\u00fcr Einzelhandel!<\/a> <\/strong> | MDR  | 02.04.2025<\/li>\n\n\n\n<li><strong><a href=\"https:\/\/repository.difu.de\/items\/6923bdbc-aedf-44de-9470-a3ac8bae2c77\">Verkehrsberuhigung und Einzelhandel: Dann wird&#8217;s lau<\/a>t<\/strong> | Deutsches Institut f\u00fcr Urbanistik DIFU | M\u00e4rz 2025<\/li>\n\n\n\n<li><a href=\"https:\/\/www.youtube.com\/watch?v=D-4s21bwkOk\"><strong>Europa gl\u00fcht &#8211; Wie Hitzewellen unser Leben ver\u00e4ndern<\/strong> <\/a>| Doku HD | ARTE<\/li>\n\n\n\n<li><strong><a href=\"https:\/\/www.deutschlandfunk.de\/tschuess-auto-staedte-setzen-auf-verzichtspraemie-fuer-privat-pkw-dlf-2344f0c5-100.html\">&#8222;Tsch\u00fcss Auto&#8220;<\/a> <\/strong>&#8211; St\u00e4dte setzen auf Verzichtspr\u00e4mie f\u00fcr Privat-Pkw null  | DLF \u2013 Agenda | 07.08.2024<\/li>\n\n\n\n<li><a href=\"https:\/\/ratsinformation.stadt-koeln.de\/getfile.asp?id=1003180&amp;type=do\"><strong>Umsetzung eines Veedelsblock im an den Stadtgarten angrenzenden Wohnvierte<\/strong>l<\/a>: Beschluss der Bezirksversammlung K\u00f6ln-Innenstadt-Deutz am 05.09.2024<\/li>\n\n\n\n<li><strong><a href=\"https:\/\/www.ardmediathek.de\/video\/die-story\/kritisch-reisen-amsterdam-gelikt-gehypt-und-ueberrannt\/wdr\/Y3JpZDovL3dkci5kZS9CZWl0cmFnLXNvcGhvcmEtY2JlMTRmZDQtZjg0Ny00YTgyLTllYzktYWRlM2JmNjY3MWVi\">Amsterdam: geliked, gehypt und \u00fcberrannt <\/a><\/strong>| ARD | 07.08.2024<\/li>\n\n\n\n<li><strong> <a href=\"https:\/\/www.ardmediathek.de\/video\/hart-aber-fair\/autokrise-eine-industrie-am-ende\/das-erste\/Y3JpZDovL3dkci5kZS9CZWl0cmFnLXNvcGhvcmEtMGM4YWVkMjAtY2ExNS00OTgyLTllZWItOWI1ZjNjYjA2OGI1\">Verkehrswende in Amsterdam<\/a><\/strong> | ARD:<a href=\"https:\/\/www.ardmediathek.de\/video\/hart-aber-fair\/autokrise-eine-industrie-am-ende\/das-erste\/Y3JpZDovL3dkci5kZS9CZWl0cmFnLXNvcGhvcmEtMGM4YWVkMjAtY2ExNS00OTgyLTllZWItOWI1ZjNjYjA2OGI1\"> <\/a>\u201eHart aber fair\u201c | 28.102024 : ab Minute 52, anschlie\u00dfende Diskussion mit Ranghild S\u00f8erensen von Changing Cities e. V.<\/li>\n\n\n\n<li><strong><a href=\"https:\/\/www.duh.de\/fileadmin\/user_upload\/download\/Pressemitteilungen\/Kommunal\/Hitze-Check_2024\/Hitze-Check_Staedte-Deutschland_Uebersicht_240729.pdf\">Hitze-Check von Deutschlands St\u00e4dten<\/a><\/strong> | Deutsche Umwelthilfe DUH | 30.07.2024<\/li>\n\n\n\n<li><a href=\"https:\/\/www.duh.de\/presse\/pressemitteilungen\/pressemitteilung\/zu-viel-grau-zu-wenig-gruen-viele-deutsche-staedte-fallen-durch-im-ersten-hitze-check-der-deutschen\/\"><strong>Zu viel Grau, zu wenig Gr\u00fcn<\/strong><\/a>: Viele deutsche St\u00e4dte fallen durch im ersten Hitze-Check der Deutschen Umwelthilfe, | 30.07.2024<\/li>\n\n\n\n<li><strong>Cambio:<a href=\"https:\/\/www.cambio-carsharing.de\/magazin\/neue-mobilitaet-fuer-staedte-ohne-blech\"> St\u00e4dte ohne Blech<\/a><\/strong><\/li>\n\n\n\n<li>Barcelona-Superblocks:<strong> <a href=\"https:\/\/ajuntament.barcelona.cat\/superilles\/sites\/default\/files\/20150217%20%20Diagnostic%20Superilla%20Poblenou%201_0.pdf\">Superilla Barcelona<\/a><\/strong><a href=\"https:\/\/ajuntament.barcelona.cat\/superilles\/sites\/default\/files\/20150217%20%20Diagnostic%20Superilla%20Poblenou%201_0.pdf\"> <\/a>und <a href=\"https:\/\/www.barcelona.cat\/pla-superilla-barcelona\/en\"><strong>Poblenou<\/strong><\/a><\/li>\n\n\n\n<li><strong><a href=\"https:\/\/youtube.com\/playlist?list=PLfcYiVW-bO6T0nrwHeOCrBYq3HQDSZ0KK&amp;si=kHNww_6MO7gjP8KA\">Abpflastern<\/a><\/strong>: aufgezeichnete Ringvorlesung an der Hochschule f\u00fcr Gesellschaftsgestaltung Koblenz<\/li>\n\n\n\n<li><strong><a href=\"https:\/\/steenbreek.nl\">Stichting Steenbreek<\/a><\/strong><\/li>\n\n\n\n<li><a href=\"https:\/\/youtube.com\/playlist?list=PLfcYiVW-bO6T0nrwHeOCrBYq3HQDSZ0KK&amp;si=EQaOIZYPdk1STvpt\"><strong>Tegel wippen<\/strong><\/a> \u2013 Entsiegelungswettbewerb in den Niederlanden<\/li>\n\n\n\n<li><strong><a href=\"http:\/\/www.jugend-architektur-stadt.de\/aktuelles\">Jugend \u2013 Architektur \u2013 Stadt<\/a><\/strong><\/li>\n\n\n\n<li><strong><a href=\"https:\/\/meinungfuer.koeln\/veranstaltungen\/werkstatt-essbare-stadt-2030\">Werkstatt Essbare Stadt<\/a><\/strong><\/li>\n\n\n\n<li><strong><a href=\"https:\/\/www.stadt-koeln.de\/artikel\/67216\/index.html\">Radverkehrskonzept K\u00f6ln-Innenstadt<\/a> &#8211; <\/strong>Umgesetzte Ma\u00dfnahmen<\/li>\n\n\n\n<li><a href=\"https:\/\/www.nationale-stadtentwicklungspolitik.de\/NSPWeb\/DE\/Plattform\/macht-Stadt-gemeinsam\/macht-Stadt-gemeinsam_node.html\"><strong>Neue Leipzig Charta<\/strong> <\/a>zur nationalen Stadtentwicklungspolitik<\/li>\n\n\n\n<li>Initiative<a href=\"https:\/\/superblock-bockenheim.de\"> <strong>Superblock Bockenheim<\/strong><\/a> in Frankfurt<\/li>\n\n\n\n<li><a href=\"https:\/\/www.superblock-winzerveedel.de\"><strong>Winzerveedel<\/strong><\/a>, K\u00f6ln<\/li>\n\n\n\n<li><a href=\"https:\/\/veedelsfreiraum.de\"><strong>Veedelsfreiraum<\/strong><\/a>, K\u00f6ln<\/li>\n\n\n\n<li><a href=\"https:\/\/veedelsfreiraum.de\"><strong>Lebeveedel<\/strong><\/a>, K\u00f6ln<\/li>\n\n\n\n<li><a href=\"https:\/\/superblocks-nrw.de\"><strong>Superblocks-NRW<\/strong><\/a>, Zusammenschluss von Superblcoks-Initiativen in NRW<\/li>\n\n\n\n<li>15 europ\u00e4ische St\u00e4dte als Vorreiter f\u00fcr urbane Resilienz: <a href=\"https:\/\/www.rifs-potsdam.de\/de\/blog\/2023\/04\/15-europaeische-staedte-als-vorreiter-fuer-urbane-resilienz-erstes-internationales\"><strong>erstes internationales Superblock-Treffen<\/strong><\/a> zeigt Weg der Nachhaltigkeit auf<\/li>\n\n\n\n<li><a href=\"https:\/\/mayorsofeurope.eu\/category\/top-stories\/green-transition\"><strong>Green Transition<\/strong><\/a> europ\u00e4ischer Gro\u00dfst\u00e4dte \u2013 <strong><a href=\"https:\/\/mayorsofeurope.eu\/news\/cologne-initiates-vision-for-future-urban-society-and-administration\/\">K\u00f6ln ist auch dabei<\/a> <\/strong>und <a href=\"https:\/\/mayorsofeurope.eu\/top-stories\/green-transition\/best-green-solution-for-sustainable-development-of-cities-is-millions-of-years-old\/\"><strong>welche Rolle B\u00e4ume dabei spielen<\/strong><\/a><\/li>\n\n\n\n<li><strong><a href=\"https:\/\/www.dailygreen.fr\/newsletter\">Des solutions urbaines inspir\u00e9es par la nature<\/a> <\/strong>\/ Natur \u2013 Inspirationsquelle f\u00fcr urbane Transformation, ein Blick nach Frankreich<\/li>\n\n\n\n<li><a href=\"https:\/\/dutchcyclinglifestyle.com\/imagine?step=select\"><strong>Gestalte deine Stra\u00dfe<\/strong><\/a> \u2013 Add a touch of Dutch to your street<\/li>\n\n\n\n<li><strong><a href=\"https:\/\/site.urbanistai.com\">Urbanist AI <\/a> \u2013 The platform to reimagine&nbsp;the future of our cities<\/strong><\/li>\n\n\n\n<li><strong><a href=\"https:\/\/changing-cities.org\/kampagnen\/superblocks\/\">Changing Cites&nbsp;e. V.<\/a> <\/strong>organisiert Superblocks-Bewegung in Deutschland<\/li>\n\n\n\n<li>Superblocks \u2013 zwischen Verkehrsberuhigung und nachhaltiger Transformation des \u00f6ffentlichen Raumes: Ergebnisse des <a href=\"https:\/\/backend.repository.difu.de\/server\/api\/core\/bitstreams\/92c4614c-293b-44ff-9a57-7c20ffb75c5f\/content\"><strong>Forschungs\u00adprojektes TuneOurBlock<\/strong><\/a><\/li>\n\n\n\n<li><strong><a href=\"https:\/\/www.land.nrw\/pressemitteilung\/land-unterstuetzt-zehn-ehrenamtliche-projekte-die-umweltschutz-und\">Land NRW unterst\u00fctzt zehn ehrenamtliche Projekte, die Umweltschutz und Mobilit\u00e4tswende vorantreiben<\/a>.<\/strong> Minister Oliver Krischer: &#8222;Damit verhelfen wir kreativen Projekten zu langfristigem Erfolg.&#8220;<\/li>\n\n\n\n<li><a href=\"https:\/\/www.dbu.de\/newsletter\/dbuaktuell-nr-februar-2025\/klimaanpassung-als-gemeinschaftsaufgabe\/\"><strong>Klimaanpassung als Gemeinschaftsaufgabe<\/strong><\/a>, Positionspapier der Deutschen Bundesstiftung Umwelt<\/li>\n\n\n\n<li><strong><a href=\"https:\/\/widerstands-kollektiv.org\/manifest\">Widerstandskollektiv<\/a><\/strong><\/li>\n\n\n\n<li><strong><a href=\"https:\/\/www.bund.net\/fileadmin\/user_upload_bund\/publikationen\/mobilitaet\/stadtraumfairteilen-broschuere-BUND-2025.pdf\">Stadtraum FAIRteilen<\/a><\/strong> \u2013 BUND<\/li>\n\n\n\n<li><strong><a href=\"https:\/\/www.rifs-potsdam.de\/de\/blog\/2023\/04\/15-europaeische-staedte-als-vorreiter-fuer-urbane-resilienz-erstes-internationales\">15 europ\u00e4ische St\u00e4dte als Vorreiter f\u00fcr urbane Resilienz: erstes internationales Superblock-Treffen zeigt Weg der Nachhaltigkeit auf<\/a> <\/strong>| Forschungsinstitut f\u00fcr Nachhaltigkeit RIFS am Helmholtz Zentrum f\u00fcr Goeforschung GFZ <\/li>\n\n\n\n<li><strong><a href=\"https:\/\/die-stadtgestalter.de\/2025\/03\/23\/mehr-sauberkeit-durch-die-abschaffung-aller-oeffentlichen-muelleimer\/\">Die Stadtgestalter<\/a><\/strong> | Bochum<\/li>\n\n\n\n<li><strong><a href=\"https:\/\/reportage.wdr.de\/klimawandel-wie-sich-die-stadt-essen-auf-die-heisse-zukunft-vorbereitet\">Wie sich die Stadt Essen auf die Zukunft vorbereitet<\/a><\/strong> | WDR<\/li>\n\n\n\n<li><strong><a href=\"https:\/\/data.wdr.de\/ddj\/leben-mit-der-hitze-quiz\/\">Quiz: Testen Sie Ihr Hitzewissen<\/a>!<\/strong> | WDR | 22.08.2025<\/li>\n\n\n\n<li><strong><a href=\"https:\/\/forestami.org\/le-piantagioni\/\">Forestami &#8211; Milano<\/a><\/strong><\/li>\n\n\n\n<li><strong><a href=\"https:\/\/dailygreen.substack.com\">Daily Green<\/a><\/strong><\/li>\n<\/ul>\n\n\n\n<h5 class=\"wp-block-heading\">PARK<\/h5>\n\n\n\n<p><strong><a href=\"http:\/\/Klassik Stiftung: Klimawandel ver\u00e4ndert Weimarer Parks massiv https:\/\/www.mdr.de\/nachrichten\/thueringen\/mitte-thueringen\/weimar\/parks-gaerten-schaeden-klima-klassik-stiftung-kultur-news-100.html\">Klimawandel ver\u00e4ndert Weimarer Parks massiv<\/a><\/strong> | <a href=\"http:\/\/Klassik Stiftung: Klimawandel ver\u00e4ndert Weimarer Parks massiv https:\/\/www.mdr.de\/nachrichten\/thueringen\/mitte-thueringen\/weimar\/parks-gaerten-schaeden-klima-klassik-stiftung-kultur-news-100.html\">Klassik Stiftung<\/a><\/p>\n\n\n\n<p><strong><u><a href=\"https:\/\/denkmal-aktiv.de\/#:~:text=Denkmale%20als%20Lernorte%20erleben%2C%20dabei,Schulprogramm%20der%20Deutschen%20Stiftung%20Denkmalschutz.\">Lernort \u2013 Denkmal<\/a> | Deutsche Stiftung Denkmalschutz<a href=\"https:\/\/denkmal-aktiv.de\/#:~:text=Denkmale%20als%20Lernorte%20erleben%2C%20dabei,Schulprogramm%20der%20Deutschen%20Stiftung%20Denkmalschutz.\"><\/a><\/u><\/strong><\/p>\n\n\n\n<p><\/p>\n","protected":false},"excerpt":{"rendered":"<p>B\u00dcCHER: LINKS K\u00f6ln Diverse PARK Klimawandel ver\u00e4ndert Weimarer Parks massiv | Klassik Stiftung Lernort \u2013 Denkmal | Deutsche Stiftung Denkmalschutz<\/p>\n","protected":false},"author":3,"featured_media":0,"parent":0,"menu_order":50,"comment_status":"closed","ping_status":"closed","template":"","meta":{"footnotes":""},"class_list":["post-2342","page","type-page","status-publish","hentry"],"_links":{"self":[{"href":"https:\/\/stadtgarten-verein.koeln\/index.php\/wp-json\/wp\/v2\/pages\/2342","targetHints":{"allow":["GET"]}}],"collection":[{"href":"https:\/\/stadtgarten-verein.koeln\/index.php\/wp-json\/wp\/v2\/pages"}],"about":[{"href":"https:\/\/stadtgarten-verein.koeln\/index.php\/wp-json\/wp\/v2\/types\/page"}],"author":[{"embeddable":true,"href":"https:\/\/stadtgarten-verein.koeln\/index.php\/wp-json\/wp\/v2\/users\/3"}],"replies":[{"embeddable":true,"href":"https:\/\/stadtgarten-verein.koeln\/index.php\/wp-json\/wp\/v2\/comments?post=2342"}],"version-history":[{"count":14,"href":"https:\/\/stadtgarten-verein.koeln\/index.php\/wp-json\/wp\/v2\/pages\/2342\/revisions"}],"predecessor-version":[{"id":2895,"href":"https:\/\/stadtgarten-verein.koeln\/index.php\/wp-json\/wp\/v2\/pages\/2342\/revisions\/2895"}],"wp:attachment":[{"href":"https:\/\/stadtgarten-verein.koeln\/index.php\/wp-json\/wp\/v2\/media?parent=2342"}],"curies":[{"name":"wp","href":"https:\/\/api.w.org\/{rel}","templated":true}]}}