{"id":2747,"date":"2025-09-10T16:28:35","date_gmt":"2025-09-10T14:28:35","guid":{"rendered":"https:\/\/stadtgarten-verein.koeln\/?page_id=2747"},"modified":"2025-09-10T17:34:22","modified_gmt":"2025-09-10T15:34:22","slug":"hybrid-schwarz-pappel-populus-x-canadensis","status":"publish","type":"page","link":"https:\/\/stadtgarten-verein.koeln\/index.php\/stadtgarten-karte\/hybrid-schwarz-pappel-populus-x-canadensis\/","title":{"rendered":"Hybrid-Schwarz-Pappel (Populus \u00d7 canadensis)"},"content":{"rendered":"\n<p>Die Hybrid-Schwarz-Pappel ist eine Kreuzung aus der Kanadischen Schwarz-Pappel (Populus deltoides) und der Europ\u00e4ischen Schwarz-Pappel (Populus nigra). Sie entstand als nat\u00fcrliche Zufallskreuzung um 1750 in Frankreich, nachdem die Kanadische Schwarz-Pappel um 1700 in Europa eingef\u00fchrt wurde.<\/p>\n\n\n\n<p>Eine Erstkreuzung der Pappelarten gelingt nur mit einer weiblichen Kanadischen und einer m\u00e4nnlichen Europ\u00e4ischen Schwarzpappel. Da die entstandenen Hybriden sich mit den Elternarten fruchtbar kreuzen k\u00f6nnen, ist im Laufe der Zeit ein sogenannter \u201eHybridschwarm\u201c aus Kreuzungen aller Abstufungen entstanden. Zus\u00e4tzlich entstanden durch Z\u00fcchtungen weitere Sorten. Reinerbige Europ\u00e4ische Schwarz-Pappeln sind nur noch durch moderne genetische Untersuchungen erkennbar, da sich die Hybriden und die Eltern \u00e4u\u00dferlich sehr \u00e4hnlich sind.<\/p>\n\n\n\n<p>Die Hybrid-Schwarz-Pappel wurde aufgrund ihres schnellen Wachstums, ihres geraden Wuchses und ihrer guten Holzqualit\u00e4t nach kurzer Zeit in weiten Teilen Europas angepflanzt. Ab 1787 wurde sie in Brandenburg erstmals kultiviert. Der H\u00f6hepunkt der Aufforstungen lag zwischen den Jahren 1945 und 1965. Sie wurde gro\u00dffl\u00e4chig plantagenartig angebaut und auf guten Standorten bereits nach 30 Jahren wieder geerntet.<\/p>\n\n\n\n<p>Die Hybrid-Schwarz-Pappel bevorzugt wie die Europ\u00e4ische Schwarz-Pappel feuchte, n\u00e4hrstoffreiche und tiefgr\u00fcndige Standorte. Sie hat eine gleichm\u00e4\u00dfige tief l\u00e4ngsgefurchte graue Rinde, die normalerweise nicht die netzartige Struktur der heimischen Schwarz-Pappel aufweisen. Die Vermehrung erfolgt \u00fcber die wattebausch\u00e4hnlichen, flugf\u00e4higen Samen, die entweder \u00fcber die Fl\u00fcsse oder mit dem Wind Entfernungen bis zu 15 km zur\u00fccklegen k\u00f6nnen. Sie hat ein sehr gutes Stockausschlagverm\u00f6gen und kann sich \u00fcber Wurzelsprosse ausbreiten.<\/p>\n\n\n\n<p>Ihr leichtes Holz wird f\u00fcr die Herstellung von Spanplatten, Sperrholz und von Z\u00fcndh\u00f6lzern verwendet, im Kurzumtrieb wird sie zur Energiegewinnung angebaut. In den letzten Jahren ist die Anpflanzung der Hybrid-Schwarz-Pappel nicht nur deutlich zur\u00fcckgegangen, vorhandene Einzelb\u00e4ume, Baumreihen und Best\u00e4nde wurden regelrecht ausgel\u00f6scht. Das Landschaftsbild einiger Regionen, welches \u00fcber Jahrhunderte durch den Baum gepr\u00e4gt wurde, hat sich deutlich ver\u00e4ndert. So gab die Hybrid-Schwarz-Pappel der Landschaft am Niederrhein nicht nur eine r\u00e4umliche Struktur, sie verminderte in erheblichem Umfang die negativen Folgen der offenen Landschaft. Die Austrocknung der Oberb\u00f6den durch die klimatischen Ver\u00e4nderungen wird uns in der Zukunft wieder zu einer r\u00e4umlichen Gliederung der Landschaftsr\u00e4ume zwingen.<\/p>\n\n\n\n<figure class=\"wp-block-image size-full\"><img decoding=\"async\" src=\"https:\/\/stadtgarten-verein.koeln\/wp-content\/uploads\/2025\/09\/184-Hybrid-Pappel.jpg\" alt=\"\" class=\"wp-image-2748\"\/><\/figure>\n\n\n\n<p>Bildquelle: Christoph Michels, Dipl. Forstwirt<\/p>\n","protected":false},"excerpt":{"rendered":"<p>Die Hybrid-Schwarz-Pappel ist eine Kreuzung aus der Kanadischen Schwarz-Pappel (Populus deltoides) und der Europ\u00e4ischen Schwarz-Pappel (Populus nigra). Sie entstand als nat\u00fcrliche Zufallskreuzung um 1750 in Frankreich, nachdem die Kanadische Schwarz-Pappel um 1700 in Europa eingef\u00fchrt wurde. Eine Erstkreuzung der Pappelarten gelingt nur mit einer weiblichen Kanadischen und einer m\u00e4nnlichen Europ\u00e4ischen Schwarzpappel. Da die entstandenen Hybriden [&hellip;]<\/p>\n","protected":false},"author":2,"featured_media":0,"parent":2139,"menu_order":0,"comment_status":"closed","ping_status":"closed","template":"","meta":{"footnotes":""},"class_list":["post-2747","page","type-page","status-publish","hentry"],"_links":{"self":[{"href":"https:\/\/stadtgarten-verein.koeln\/index.php\/wp-json\/wp\/v2\/pages\/2747","targetHints":{"allow":["GET"]}}],"collection":[{"href":"https:\/\/stadtgarten-verein.koeln\/index.php\/wp-json\/wp\/v2\/pages"}],"about":[{"href":"https:\/\/stadtgarten-verein.koeln\/index.php\/wp-json\/wp\/v2\/types\/page"}],"author":[{"embeddable":true,"href":"https:\/\/stadtgarten-verein.koeln\/index.php\/wp-json\/wp\/v2\/users\/2"}],"replies":[{"embeddable":true,"href":"https:\/\/stadtgarten-verein.koeln\/index.php\/wp-json\/wp\/v2\/comments?post=2747"}],"version-history":[{"count":2,"href":"https:\/\/stadtgarten-verein.koeln\/index.php\/wp-json\/wp\/v2\/pages\/2747\/revisions"}],"predecessor-version":[{"id":2856,"href":"https:\/\/stadtgarten-verein.koeln\/index.php\/wp-json\/wp\/v2\/pages\/2747\/revisions\/2856"}],"up":[{"embeddable":true,"href":"https:\/\/stadtgarten-verein.koeln\/index.php\/wp-json\/wp\/v2\/pages\/2139"}],"wp:attachment":[{"href":"https:\/\/stadtgarten-verein.koeln\/index.php\/wp-json\/wp\/v2\/media?parent=2747"}],"curies":[{"name":"wp","href":"https:\/\/api.w.org\/{rel}","templated":true}]}}