{"id":2763,"date":"2025-09-10T16:28:35","date_gmt":"2025-09-10T14:28:35","guid":{"rendered":"https:\/\/stadtgarten-verein.koeln\/?page_id=2763"},"modified":"2025-09-10T17:34:22","modified_gmt":"2025-09-10T15:34:22","slug":"amerikanischer-tulpenbaum-liriodendron-tulipifera","status":"publish","type":"page","link":"https:\/\/stadtgarten-verein.koeln\/index.php\/stadtgarten-karte\/amerikanischer-tulpenbaum-liriodendron-tulipifera\/","title":{"rendered":"Amerikanischer Tulpenbaum (Liriodendron tulipifera)"},"content":{"rendered":"\n<p>Der im \u00f6stlichen und s\u00fcd\u00f6stlichen Nordamerika beheimatete Amerikanische Tulpenbaum wurde 1663 durch den Botaniker J. Tradescant nach England eingef\u00fchrt. Etwa 50 Jahre sp\u00e4ter gelangte die Baumart nach Deutschland. Die Gattung der Tulpenb\u00e4ume geh\u00f6rt zur Familie der Magnoliengew\u00e4chse, die im Terti\u00e4r und der Kreidezeit auch in Europa weit verbreitet waren. Der Amerikanische Tulpenbaum ist einer der in der heutigen Zeit lebenden (rezenten) n\u00e4chsten Verwandten dieser terti\u00e4ren B\u00e4ume.<\/p>\n\n\n\n<p>Die sommergr\u00fcne Baumart kann in ihrer Heimat eine H\u00f6he von bis zu 60 m und ein Alter bis zu 450 Jahren erreichen. Das frischgr\u00fcne, gelappte Laub \u00e4hnelt Bl\u00e4ttern des Berg-Ahorns, denen die Blattspitze abgeschnitten wurde. Der Amerikanische Tulpenbaum ist mit seiner spektakul\u00e4ren, goldgelben Herbstverf\u00e4rbung und den schwefelgelben, im Mai und Juni erscheinenden Bl\u00fcten ein beliebter Zierbaum in Park- und Gartenanlagen. Den tulpen\u00e4hnlichen, sehr nektarreichen Bl\u00fcten hat die Baumart ihren Namen zu verdanken. Sie machen den Baum zu einer wertvollen Bienenweide.<\/p>\n\n\n\n<p>Die schnellw\u00fcchsige und f\u00fcr einen Laubbaum au\u00dfergew\u00f6hnlich geradschaftig wachsende Baumart ist in seiner Heimat vorwiegend in Flusst\u00e4lern und auf zeitweise \u00fcberschwemmten Auenstandorten verbreitet. Forstwirtschaftlich wird sie versuchsweise in S\u00fcdwestdeutschland angepflanzt um das Baumartenspektrum aufgrund der Klimaerw\u00e4rmung zu erweitern. Da der Amerikanische Tulpenbaum \u00e4hnliche Standorte wie unsere heimische Esche besiedelt, k\u00f6nnte er auf Dauer eine Alternative f\u00fcr diese hochgradig bedrohte Baumart werden. In den USA ist der Tulpenbaum eine wertvolle Forstbaumart. Sein helles Holz wird sehr vielf\u00e4ltig als Bauholz, f\u00fcr den Innenausbau, in der M\u00f6belindustrie, als Papierholz und sogar beim Bau von Musikinstrumenten verwendet.<\/p>\n\n\n\n<p>Da die indigenen V\u00f6lker Nordamerikas aus dem Stamm des Baumes Kanus anfertigten, wurde das Holz bei den ersten Siedlern als \u201eKanuholz\u201c bezeichnet. Der Tulpenbaum ist der offizielle Staatsbaum der US-Bundesstaaten Kentucky, Indiana und Tennessee.<\/p>\n\n\n\n<figure class=\"wp-block-image size-full is-resized\"><img loading=\"lazy\" decoding=\"async\" width=\"661\" height=\"721\" src=\"https:\/\/stadtgarten-verein.koeln\/wp-content\/uploads\/2025\/09\/213-Tulpenbaum.jpg\" alt=\"\" class=\"wp-image-2764\" style=\"width:585px;height:auto\" title=\"Bildquelle: Christoph Michels, Dipl. Forstwirt\" srcset=\"https:\/\/stadtgarten-verein.koeln\/wp-content\/uploads\/2025\/09\/213-Tulpenbaum.jpg 661w, https:\/\/stadtgarten-verein.koeln\/wp-content\/uploads\/2025\/09\/213-Tulpenbaum-275x300.jpg 275w\" sizes=\"auto, (max-width: 661px) 100vw, 661px\" \/><\/figure>\n\n\n\n<p>Bildquelle: Christoph Michels, Dipl. Forstwirt<\/p>\n","protected":false},"excerpt":{"rendered":"<p>Der im \u00f6stlichen und s\u00fcd\u00f6stlichen Nordamerika beheimatete Amerikanische Tulpenbaum wurde 1663 durch den Botaniker J. Tradescant nach England eingef\u00fchrt. Etwa 50 Jahre sp\u00e4ter gelangte die Baumart nach Deutschland. Die Gattung der Tulpenb\u00e4ume geh\u00f6rt zur Familie der Magnoliengew\u00e4chse, die im Terti\u00e4r und der Kreidezeit auch in Europa weit verbreitet waren. Der Amerikanische Tulpenbaum ist einer der [&hellip;]<\/p>\n","protected":false},"author":2,"featured_media":0,"parent":2139,"menu_order":0,"comment_status":"closed","ping_status":"closed","template":"","meta":{"footnotes":""},"class_list":["post-2763","page","type-page","status-publish","hentry"],"_links":{"self":[{"href":"https:\/\/stadtgarten-verein.koeln\/index.php\/wp-json\/wp\/v2\/pages\/2763","targetHints":{"allow":["GET"]}}],"collection":[{"href":"https:\/\/stadtgarten-verein.koeln\/index.php\/wp-json\/wp\/v2\/pages"}],"about":[{"href":"https:\/\/stadtgarten-verein.koeln\/index.php\/wp-json\/wp\/v2\/types\/page"}],"author":[{"embeddable":true,"href":"https:\/\/stadtgarten-verein.koeln\/index.php\/wp-json\/wp\/v2\/users\/2"}],"replies":[{"embeddable":true,"href":"https:\/\/stadtgarten-verein.koeln\/index.php\/wp-json\/wp\/v2\/comments?post=2763"}],"version-history":[{"count":4,"href":"https:\/\/stadtgarten-verein.koeln\/index.php\/wp-json\/wp\/v2\/pages\/2763\/revisions"}],"predecessor-version":[{"id":2849,"href":"https:\/\/stadtgarten-verein.koeln\/index.php\/wp-json\/wp\/v2\/pages\/2763\/revisions\/2849"}],"up":[{"embeddable":true,"href":"https:\/\/stadtgarten-verein.koeln\/index.php\/wp-json\/wp\/v2\/pages\/2139"}],"wp:attachment":[{"href":"https:\/\/stadtgarten-verein.koeln\/index.php\/wp-json\/wp\/v2\/media?parent=2763"}],"curies":[{"name":"wp","href":"https:\/\/api.w.org\/{rel}","templated":true}]}}